{"id":4161,"date":"2023-03-23T17:02:24","date_gmt":"2023-03-30T07:47:34","guid":{"rendered":"http:\/\/agrowprofit.com\/view-all\/sin%20categor\u00eda\/sublieme-calmag\/"},"modified":"2023-03-30T12:38:11","modified_gmt":"2023-03-30T10:38:11","slug":"sublieme-calmag","status":"publish","type":"product","link":"https:\/\/agrowprofit.com\/es\/view-all\/nutricion-vegetal\/sublieme-calmag\/","title":{"rendered":"Sublieme CalMag"},"content":{"rendered":"<p>\u00bfQuiere asegurarse de que sus plantas est\u00e1n sanas durante la fase de floraci\u00f3n? Pruebe Sublieme CalMag, la soluci\u00f3n perfecta para dar a sus plantas el impulso extra que necesitan.<\/p>\n<p>Sublieme Cal Mag es el complemento esencial del kit de herramientas de cualquier jardinero o cultivador. Este producto proporciona una mezcla de calcio y magnesio que act\u00faa para aumentar de forma natural la proporci\u00f3n de estos minerales en la dieta de sus plantas cuando m\u00e1s lo necesitan, durante sus \u00faltimas semanas de floraci\u00f3n. Esto no s\u00f3lo proporciona una salud \u00f3ptima, sino que ayuda a garantizar que la fotos\u00edntesis contin\u00fae hasta que se complete el ciclo vital.<\/p>\n<p>No espere m\u00e1s. Conf\u00ede en Sublieme CalMag como su soluci\u00f3n para fomentar la absorci\u00f3n de nutrientes en la fase final y la fotos\u00edntesis en sus plantas y jardines. Con Sublieme CalMag, \u00a1la belleza y la salud est\u00e1n garantizadas en cada cosecha!<\/p>\n<hr \/>\n<p>Sublieme CalMag se utiliza para aumentar la proporci\u00f3n de calcio y magnesio en la dieta de las plantas. Este producto es especialmente beneficioso en las \u00faltimas semanas del ciclo de floraci\u00f3n, cuando la mayor\u00eda de los cultivos de crecimiento r\u00e1pido han agotado los niveles de minerales del sustrato. El calcio garantiza una buena absorci\u00f3n de nutrientes por las plantas, mientras que el magnesio asegura que el proceso fotosint\u00e9tico de las plantas contin\u00fae hasta el final.<\/p>\n<p><strong>Instrucciones de uso:<\/strong><\/p>\n<ul>\n<li>Agitar bien antes de usar.<\/li>\n<li>Utilizar seg\u00fan lo prescrito en el prospecto.<\/li>\n<\/ul>\n<p><strong>Cuidado:<\/strong><\/p>\n<ul>\n<li>No ingerir.<\/li>\n<li>Mantener alejado de los ni\u00f1os peque\u00f1os.<\/li>\n<\/ul>\n","protected":false},"excerpt":{"rendered":"<h5>Garantiza una buena salud hasta el final<\/h5>\n<ul>\n<li>Aumenta la proporci\u00f3n de calcio y magnesio en las plantas<\/li>\n<li>Especialmente beneficioso en las \u00faltimas semanas de la fase de floraci\u00f3n<\/li>\n<li>Garantiza una buena salud hasta el final del ciclo de vida de la planta<\/li>\n<li>Aumenta la absorci\u00f3n de nutrientes por las plantas<\/li>\n<\/ul>\n","protected":false},"featured_media":4130,"template":"","meta":{"_acf_changed":false},"product_brand":[],"product_cat":[123],"product_tag":[],"class_list":{"0":"post-4161","1":"product","2":"type-product","3":"status-publish","4":"has-post-thumbnail","6":"product_cat-nutricion-vegetal","8":"first","9":"instock","10":"taxable","11":"shipping-taxable","12":"product-type-variable"},"acf":[],"_links":{"self":[{"href":"https:\/\/agrowprofit.com\/es\/wp-json\/wp\/v2\/product\/4161","targetHints":{"allow":["GET"]}}],"collection":[{"href":"https:\/\/agrowprofit.com\/es\/wp-json\/wp\/v2\/product"}],"about":[{"href":"https:\/\/agrowprofit.com\/es\/wp-json\/wp\/v2\/types\/product"}],"wp:featuredmedia":[{"embeddable":true,"href":"https:\/\/agrowprofit.com\/es\/wp-json\/wp\/v2\/media\/4130"}],"wp:attachment":[{"href":"https:\/\/agrowprofit.com\/es\/wp-json\/wp\/v2\/media?parent=4161"}],"wp:term":[{"taxonomy":"product_brand","embeddable":true,"href":"https:\/\/agrowprofit.com\/es\/wp-json\/wp\/v2\/product_brand?post=4161"},{"taxonomy":"product_cat","embeddable":true,"href":"https:\/\/agrowprofit.com\/es\/wp-json\/wp\/v2\/product_cat?post=4161"},{"taxonomy":"product_tag","embeddable":true,"href":"https:\/\/agrowprofit.com\/es\/wp-json\/wp\/v2\/product_tag?post=4161"}],"curies":[{"name":"wp","href":"https:\/\/api.w.org\/{rel}","templated":true}]}}