{"id":4154,"date":"2023-03-24T09:49:59","date_gmt":"2023-03-30T07:44:53","guid":{"rendered":"http:\/\/agrowprofit.com\/view-all\/sin%20categor\u00eda\/sublieme-ph\/"},"modified":"2023-03-30T12:42:51","modified_gmt":"2023-03-30T10:42:51","slug":"sublieme-ph","status":"publish","type":"product","link":"https:\/\/agrowprofit.com\/es\/view-all\/nutricion-vegetal\/sublieme-ph\/","title":{"rendered":"Sublieme pH+"},"content":{"rendered":"<p>\u00bfQuiere aprovechar al m\u00e1ximo la nutrici\u00f3n de sus plantas? Conseguir un nivel de pH equilibrado es esencial para un crecimiento sano. Con Sublieme pH+, los jardineros y los cultivadores aficionados de plantas pueden mantener f\u00e1cilmente un pH ideal en sus zonas radiculares.<\/p>\n<p>Sublieme pH+ puede utilizarse durante todo el ciclo vital de la planta, aportando un flujo constante de potasio para ayudar a optimizar la absorci\u00f3n de nutrientes y prevenir las carencias de los mismos. Con la f\u00f3rmula f\u00e1cil de usar de Sublieme, mantener el pH perfecto est\u00e1 por fin a su alcance.<\/p>\n<p>Por \u00faltimo, tenga la tranquilidad de saber que est\u00e1 proporcionando a sus plantas el mejor entorno posible para que puedan florecer con m\u00e1s brillo que nunca.<\/p>\n<hr \/>\n<p>Para que la planta pueda absorber los nutrientes, es fundamental mantener el valor de pH correcto en la zona radicular. Si el valor del pH es demasiado alto o bajo, la planta no absorber\u00e1 adecuadamente los nutrientes. Por eso debe utilizar los aditivos de pH que le ofrece Sublieme.<\/p>\n<p>Utilice Sublieme pH+ durante todo el ciclo de vida para corregir la acidez del agua y del sustrato. pH+ a\u00f1ade potasio a la dieta.<\/p>\n<p>Cuidado:<\/p>\n<ul>\n<li>No ingerir.<\/li>\n<li>Mantener alejado de los ni\u00f1os peque\u00f1os.<\/li>\n<li>L\u00e1vese las manos despu\u00e9s de cada uso.<\/li>\n<li>Advertencia H315 Provoca irritaci\u00f3n cut\u00e1nea.<\/li>\n<li>Advertencia H319 Provoca irritaci\u00f3n ocular grave.<\/li>\n<li>Peligro H314 Provoca quemaduras graves en la piel y lesiones oculares.<\/li>\n<li>H290 Puede ser corrosivo para los metales.<\/li>\n<li>H302 Nocivo por ingesti\u00f3n.<\/li>\n<li>P260 No respirar el polvo\/el humo\/el gas\/la niebla\/los vapores\/el aerosol.<\/li>\n<li>P280 Llevar guantes\/ropa de protecci\u00f3n\/protecci\u00f3n ocular\/protecci\u00f3n facial.<\/li>\n<\/ul>\n","protected":false},"excerpt":{"rendered":"<h5>Eleva el pH<\/h5>\n<p><strong>1 litro<\/strong><\/p>\n<ul>\n<li>Corrige los niveles de pH en la zona radicular<\/li>\n<li>Aumenta la absorci\u00f3n de nutrientes<\/li>\n<li>Promueve plantas m\u00e1s sanas y vigorosas<\/li>\n<li>Compatible con todos los sustratos y sistemas de riego<\/li>\n<\/ul>\n","protected":false},"featured_media":4140,"template":"","meta":{"_acf_changed":false},"product_brand":[],"product_cat":[123],"product_tag":[],"class_list":{"0":"post-4154","1":"product","2":"type-product","3":"status-publish","4":"has-post-thumbnail","6":"product_cat-nutricion-vegetal","8":"first","9":"instock","10":"taxable","11":"shipping-taxable","12":"product-type-simple"},"acf":[],"_links":{"self":[{"href":"https:\/\/agrowprofit.com\/es\/wp-json\/wp\/v2\/product\/4154","targetHints":{"allow":["GET"]}}],"collection":[{"href":"https:\/\/agrowprofit.com\/es\/wp-json\/wp\/v2\/product"}],"about":[{"href":"https:\/\/agrowprofit.com\/es\/wp-json\/wp\/v2\/types\/product"}],"wp:featuredmedia":[{"embeddable":true,"href":"https:\/\/agrowprofit.com\/es\/wp-json\/wp\/v2\/media\/4140"}],"wp:attachment":[{"href":"https:\/\/agrowprofit.com\/es\/wp-json\/wp\/v2\/media?parent=4154"}],"wp:term":[{"taxonomy":"product_brand","embeddable":true,"href":"https:\/\/agrowprofit.com\/es\/wp-json\/wp\/v2\/product_brand?post=4154"},{"taxonomy":"product_cat","embeddable":true,"href":"https:\/\/agrowprofit.com\/es\/wp-json\/wp\/v2\/product_cat?post=4154"},{"taxonomy":"product_tag","embeddable":true,"href":"https:\/\/agrowprofit.com\/es\/wp-json\/wp\/v2\/product_tag?post=4154"}],"curies":[{"name":"wp","href":"https:\/\/api.w.org\/{rel}","templated":true}]}}