{"id":3767,"date":"2023-03-24T09:53:36","date_gmt":"2023-03-25T10:38:17","guid":{"rendered":"http:\/\/agrowprofit.com\/view-all\/unkategorisiert\/sublieme-xl-ortho-silicic-acid\/"},"modified":"2023-03-30T12:31:15","modified_gmt":"2023-03-30T10:31:15","slug":"sublieme-xl-ortho-kieselsaure","status":"publish","type":"product","link":"https:\/\/agrowprofit.com\/de\/alle-ansehen\/pflanzenernahrung\/sublieme-xl-ortho-kieselsaure\/","title":{"rendered":"Sublieme XL Ortho Silicic Acid"},"content":{"rendered":"<p>Verwandeln Sie Ihren Garten in eine Oase mit Sublieme XL Ortho Silicic Acid! Dieser revolution\u00e4re D\u00fcnger ist ein todsicherer Weg, um sich Saison f\u00fcr Saison an \u00fcppigen, sch\u00f6nen Pflanzen zu erfreuen. Unser Premium-Produkt erleichtert die Kultivierung von Pflanzen und maximiert die D\u00fcngung Ihrer Pflanzen. Sie werden erfreut sein, tiefgr\u00fcne Bl\u00e4tter und kr\u00e4ftige Fasern in Ihrer gesamten Vegetation zu sehen. Dar\u00fcber hinaus k\u00f6nnen Sie sich darauf verlassen, dass Ihre Pflanzen vor den Elementen gesch\u00fctzt sind, denn Sublieme XL sch\u00fctzt sie vor Insekten, K\u00e4lte und Hitzewellen. Und als ob das noch nicht genug w\u00e4re, erh\u00f6ht es auch die Bl\u00fctendichte und die Fruchtgr\u00f6\u00dfe! Mit Sublieme XL Ortho Silicic Acid k\u00f6nnen Hobbyg\u00e4rtner und Pflanzenz\u00fcchter ihre G\u00e4rten getrost in kreative und lebendige Anlagen verwandeln. Maximieren Sie das Potenzial Ihres Gartens &#8211; machen Sie Sublieme XL Ortho Silicic Acid noch heute zum Bestandteil Ihrer Pflanzung!<\/p>\n<hr \/>\n<p>Sublieme XL ist ein hochkonzentriertes Produkt, das den Anbau von Pflanzen erheblich erleichtert. Sublieme XL sorgt f\u00fcr eine starke Struktur, die sich in den dunkelgr\u00fcnen Bl\u00e4ttern und starken Fasern zeigt, die die Pflanzen nach der Anwendung des Produkts erhalten. Das Produkt verbessert die Aufnahme von D\u00fcngemitteln durch die Pflanze, wodurch die ben\u00f6tigte D\u00fcngermenge verringert wird. Dar\u00fcber hinaus sch\u00fctzt Sublieme XL Ihre Pflanzen vor Insekten, K\u00e4lte und Hitze und sorgt so f\u00fcr gr\u00f6\u00dfere Bl\u00fcten und Fr\u00fcchte.<\/p>\n<p><strong>Anweisungen<\/strong><\/p>\n<ul>\n<li>Mischen Sie Sublieme XL immer mit Wasser, bevor Sie andere D\u00fcngemittel hinzuf\u00fcgen.<\/li>\n<li>Verwenden Sie mindestens 15 ml. pro 100 Liter Speisewasser w\u00e4hrend der gesamten Wachstumsperiode.<\/li>\n<li>Die Anwendung erfolgt wie in der Packungsbeilage beschrieben.<\/li>\n<\/ul>\n<p><strong>Vorsicht!<\/strong><\/p>\n<ul>\n<li>Nicht einnehmen.<\/li>\n<li>Von kleinen Kindern fernhalten.<\/li>\n<\/ul>\n","protected":false},"excerpt":{"rendered":"<h5>Sch\u00fctzt Ihre Pflanzen vor Stress<\/h5>\n<ul>\n<li>Konzentriertes Produkt, das den Pflanzenanbau erleichtert<\/li>\n<li>Verbessert die Aufnahme von D\u00fcngemitteln durch die Pflanze<\/li>\n<li>Sch\u00fctzt Ihre Pflanzen vor Insekten, K\u00e4lte und Hitze<\/li>\n<li>Gr\u00f6\u00dfere Bl\u00fcten und Fr\u00fcchte<\/li>\n<\/ul>\n","protected":false},"featured_media":3744,"template":"","meta":{"_acf_changed":false},"product_brand":[],"product_cat":[79],"product_tag":[],"class_list":{"0":"post-3767","1":"product","2":"type-product","3":"status-publish","4":"has-post-thumbnail","6":"product_cat-pflanzenernahrung","8":"first","9":"instock","10":"taxable","11":"shipping-taxable","12":"product-type-variable"},"acf":[],"_links":{"self":[{"href":"https:\/\/agrowprofit.com\/de\/wp-json\/wp\/v2\/product\/3767","targetHints":{"allow":["GET"]}}],"collection":[{"href":"https:\/\/agrowprofit.com\/de\/wp-json\/wp\/v2\/product"}],"about":[{"href":"https:\/\/agrowprofit.com\/de\/wp-json\/wp\/v2\/types\/product"}],"wp:featuredmedia":[{"embeddable":true,"href":"https:\/\/agrowprofit.com\/de\/wp-json\/wp\/v2\/media\/3744"}],"wp:attachment":[{"href":"https:\/\/agrowprofit.com\/de\/wp-json\/wp\/v2\/media?parent=3767"}],"wp:term":[{"taxonomy":"product_brand","embeddable":true,"href":"https:\/\/agrowprofit.com\/de\/wp-json\/wp\/v2\/product_brand?post=3767"},{"taxonomy":"product_cat","embeddable":true,"href":"https:\/\/agrowprofit.com\/de\/wp-json\/wp\/v2\/product_cat?post=3767"},{"taxonomy":"product_tag","embeddable":true,"href":"https:\/\/agrowprofit.com\/de\/wp-json\/wp\/v2\/product_tag?post=3767"}],"curies":[{"name":"wp","href":"https:\/\/api.w.org\/{rel}","templated":true}]}}