{"id":3766,"date":"2023-03-24T09:49:59","date_gmt":"2023-03-25T10:36:53","guid":{"rendered":"http:\/\/agrowprofit.com\/view-all\/unkategorisiert\/sublieme-ph\/"},"modified":"2023-03-30T12:30:20","modified_gmt":"2023-03-30T10:30:20","slug":"sublieme-ph","status":"publish","type":"product","link":"https:\/\/agrowprofit.com\/de\/alle-ansehen\/pflanzenernahrung\/sublieme-ph\/","title":{"rendered":"Sublieme pH+"},"content":{"rendered":"<p>Versuchen Sie, das Beste aus der Ern\u00e4hrung Ihrer Pflanzen herauszuholen? Ein ausgeglichener pH-Wert ist f\u00fcr ein gesundes Wachstum unerl\u00e4sslich. Mit Sublieme pH+ k\u00f6nnen G\u00e4rtner und Hobby-Pflanzenz\u00fcchter ganz einfach einen idealen pH-Wert in ihren Wurzelzonen aufrechterhalten.<\/p>\n<p>Sublieme pH+ kann w\u00e4hrend des gesamten Lebenszyklus Ihrer Pflanze verwendet werden und liefert einen stetigen Strom von Kalium, um die N\u00e4hrstoffaufnahme zu optimieren und N\u00e4hrstoffmangel zu verhindern. Mit der einfach anzuwendenden Formel von Sublieme ist die Aufrechterhaltung des perfekten pH-Werts endlich in Reichweite!<\/p>\n<p>Endlich k\u00f6nnen Sie sicher sein, dass Sie Ihren Pflanzen die bestm\u00f6gliche Umgebung bieten, damit sie noch besser bl\u00fchen k\u00f6nnen!<\/p>\n<hr \/>\n<p>Die Aufrechterhaltung des richtigen pH-Werts in der Wurzelzone ist f\u00fcr die F\u00e4higkeit der Pflanze, N\u00e4hrstoffe aufzunehmen, von entscheidender Bedeutung. Ist der pH-Wert zu hoch oder zu niedrig, k\u00f6nnen die N\u00e4hrstoffe nicht ausreichend von der Pflanze aufgenommen werden. Deshalb sollten Sie die pH-Zusatzstoffe verwenden, die Sublieme anbietet.<\/p>\n<p>Verwenden Sie Sublieme pH+ w\u00e4hrend des gesamten Lebenszyklus, um den S\u00e4uregehalt von Wasser und Substrat zu korrigieren. pH+ f\u00fcgt der Ern\u00e4hrung Kalium hinzu.<\/p>\n<p>Vorsicht!<\/p>\n<ul>\n<li>Nicht einnehmen.<\/li>\n<li>Von kleinen Kindern fernhalten.<\/li>\n<li>Nach Gebrauch H\u00e4nde waschen.<\/li>\n<li>Warnung H315 Verursacht Hautreizungen.<\/li>\n<li>Warnung H319 Verursacht schwere Augenreizung.<\/li>\n<li>Gefahr H314 Verursacht schwere Ver\u00e4tzungen der Haut und schwere Augensch\u00e4den.<\/li>\n<li>H290 Kann gegen\u00fcber Metallen korrosiv sein.<\/li>\n<li>H302 Gesundheitssch\u00e4dlich beim Verschlucken.<\/li>\n<li>P260 Staub\/Rauch\/Gas\/Nebel\/D\u00e4mpfe\/Aerosol nicht einatmen.<\/li>\n<li>P280 Schutzhandschuhe\/Schutzkleidung\/Augenschutz\/Gesichtsschutz tragen.<\/li>\n<\/ul>\n","protected":false},"excerpt":{"rendered":"<h5>Erh\u00f6ht den pH-Wert<\/h5>\n<p><strong>1 Liter<\/strong><\/p>\n<ul>\n<li>Korrigiert den pH-Wert in der Wurzelzone<\/li>\n<li>Erh\u00f6ht die N\u00e4hrstoffaufnahme<\/li>\n<li>F\u00f6rdert ges\u00fcndere, kr\u00e4ftigere Pflanzen<\/li>\n<li>Kompatibel mit allen Substraten und Bew\u00e4sserungssystemen<\/li>\n<\/ul>\n","protected":false},"featured_media":3740,"template":"","meta":{"_acf_changed":false},"product_brand":[],"product_cat":[79],"product_tag":[],"class_list":{"0":"post-3766","1":"product","2":"type-product","3":"status-publish","4":"has-post-thumbnail","6":"product_cat-pflanzenernahrung","8":"first","9":"instock","10":"taxable","11":"shipping-taxable","12":"product-type-simple"},"acf":[],"_links":{"self":[{"href":"https:\/\/agrowprofit.com\/de\/wp-json\/wp\/v2\/product\/3766","targetHints":{"allow":["GET"]}}],"collection":[{"href":"https:\/\/agrowprofit.com\/de\/wp-json\/wp\/v2\/product"}],"about":[{"href":"https:\/\/agrowprofit.com\/de\/wp-json\/wp\/v2\/types\/product"}],"wp:featuredmedia":[{"embeddable":true,"href":"https:\/\/agrowprofit.com\/de\/wp-json\/wp\/v2\/media\/3740"}],"wp:attachment":[{"href":"https:\/\/agrowprofit.com\/de\/wp-json\/wp\/v2\/media?parent=3766"}],"wp:term":[{"taxonomy":"product_brand","embeddable":true,"href":"https:\/\/agrowprofit.com\/de\/wp-json\/wp\/v2\/product_brand?post=3766"},{"taxonomy":"product_cat","embeddable":true,"href":"https:\/\/agrowprofit.com\/de\/wp-json\/wp\/v2\/product_cat?post=3766"},{"taxonomy":"product_tag","embeddable":true,"href":"https:\/\/agrowprofit.com\/de\/wp-json\/wp\/v2\/product_tag?post=3766"}],"curies":[{"name":"wp","href":"https:\/\/api.w.org\/{rel}","templated":true}]}}