{"id":3765,"date":"2023-03-24T09:42:28","date_gmt":"2023-03-25T10:36:32","guid":{"rendered":"http:\/\/agrowprofit.com\/view-all\/unkategorisiert\/sublieme-ph-bloom\/"},"modified":"2023-03-30T12:29:55","modified_gmt":"2023-03-30T10:29:55","slug":"sublieme-ph-bloom","status":"publish","type":"product","link":"https:\/\/agrowprofit.com\/de\/alle-ansehen\/pflanzenernahrung\/sublieme-ph-bloom\/","title":{"rendered":"Sublieme pH- Bloom"},"content":{"rendered":"<p>Suchen Sie nach einer M\u00f6glichkeit, Ihren Garten oder Ihre Zimmerpflanzen auf die n\u00e4chste Stufe zu heben? Dann ist pH-Bloom von Sublieme die perfekte L\u00f6sung. Diese L\u00f6sung zum Ausgleich des pH-Werts ist f\u00fcr Hobbyg\u00e4rtner und -pflanzenz\u00fcchter wichtig, um sicherzustellen, dass ihre Pflanzen wichtige N\u00e4hrstoffe aufnehmen. Durch ein ideales Gleichgewicht des S\u00e4uregehalts im Wasser und im Boden wird die N\u00e4hrstoffverf\u00fcgbarkeit maximiert und damit die Gesundheit und Sch\u00f6nheit Ihrer Pflanzen optimiert!<\/p>\n<p>Sublieme&#8217;s pH-Bloom reguliert nicht nur den S\u00e4uregrad, um die N\u00e4hrstoffaufnahme zu unterst\u00fctzen, sondern sorgt durch den Zusatz von Phosphor f\u00fcr einen erfrischenden Energieschub w\u00e4hrend der entscheidenden Bl\u00fctephasen. Dieses Produkt ist einfach zu handhaben und kann allen Anf\u00e4ngern helfen, das Beste aus ihren sch\u00f6nen G\u00e4rten herauszuholen, ohne dabei auf Qualit\u00e4t zu verzichten. F\u00fcgen Sie diese einfache, aber effektive L\u00f6sung als Teil jeder DIY-Garteneinrichtung hinzu &#8211; Sie und Ihre Pflanzen werden es nicht bereuen!<\/p>\n<hr \/>\n<p>Die Aufrechterhaltung des richtigen pH-Werts in der Wurzelzone ist f\u00fcr die F\u00e4higkeit der Pflanze, N\u00e4hrstoffe aufzunehmen, von entscheidender Bedeutung. Ist der pH-Wert zu hoch oder zu niedrig, k\u00f6nnen die N\u00e4hrstoffe nicht ausreichend von der Pflanze aufgenommen werden. Deshalb sollten Sie die pH-Zusatzstoffe verwenden, die Sublieme anbietet.<\/p>\n<p>Verwenden Sie Sublieme pH- Bloom in der Bl\u00fctephase, um den S\u00e4uregehalt von Wasser und Substrat zu korrigieren. pH- Bloom f\u00fcgt der Nahrung Phosphor hinzu.<\/p>\n<p>Vorsicht!<\/p>\n<ul>\n<li>Nicht einnehmen.<\/li>\n<li>Von kleinen Kindern fernhalten.<\/li>\n<li>Nach Gebrauch H\u00e4nde waschen.<\/li>\n<li>Warnung H315 Verursacht Hautreizungen.<\/li>\n<li>Warnung H319 Verursacht schwere Augenreizung.<\/li>\n<li>Gefahr H314 Verursacht schwere Ver\u00e4tzungen der Haut und schwere Augensch\u00e4den.<\/li>\n<li>H290 Kann gegen\u00fcber Metallen korrosiv sein.<\/li>\n<li>H302 Gesundheitssch\u00e4dlich beim Verschlucken.<\/li>\n<li>P260 Staub\/Rauch\/Gas\/Nebel\/D\u00e4mpfe\/Aerosol nicht einatmen.<\/li>\n<li>P280 Schutzhandschuhe\/Schutzkleidung\/Augenschutz\/Gesichtsschutz tragen.<\/li>\n<\/ul>\n","protected":false},"excerpt":{"rendered":"<h5>Senkt den pH-Wert<\/h5>\n<p><strong>1 Liter<\/strong><\/p>\n<ul>\n<li>Korrigiert den pH-Wert in der Wurzelzone f\u00fcr eine optimale N\u00e4hrstoffaufnahme<\/li>\n<li>F\u00fchrt der Pflanzennahrung Phosphor f\u00fcr eine gesunde Bl\u00fcte zu<\/li>\n<li>Erh\u00e4lt den optimalen pH-Wert f\u00fcr \u00fcppiges, gr\u00fcnes Wachstum<\/li>\n<\/ul>\n","protected":false},"featured_media":3738,"template":"","meta":{"_acf_changed":false},"product_brand":[],"product_cat":[79],"product_tag":[],"class_list":{"0":"post-3765","1":"product","2":"type-product","3":"status-publish","4":"has-post-thumbnail","6":"product_cat-pflanzenernahrung","8":"first","9":"instock","10":"taxable","11":"shipping-taxable","12":"product-type-simple"},"acf":[],"_links":{"self":[{"href":"https:\/\/agrowprofit.com\/de\/wp-json\/wp\/v2\/product\/3765","targetHints":{"allow":["GET"]}}],"collection":[{"href":"https:\/\/agrowprofit.com\/de\/wp-json\/wp\/v2\/product"}],"about":[{"href":"https:\/\/agrowprofit.com\/de\/wp-json\/wp\/v2\/types\/product"}],"wp:featuredmedia":[{"embeddable":true,"href":"https:\/\/agrowprofit.com\/de\/wp-json\/wp\/v2\/media\/3738"}],"wp:attachment":[{"href":"https:\/\/agrowprofit.com\/de\/wp-json\/wp\/v2\/media?parent=3765"}],"wp:term":[{"taxonomy":"product_brand","embeddable":true,"href":"https:\/\/agrowprofit.com\/de\/wp-json\/wp\/v2\/product_brand?post=3765"},{"taxonomy":"product_cat","embeddable":true,"href":"https:\/\/agrowprofit.com\/de\/wp-json\/wp\/v2\/product_cat?post=3765"},{"taxonomy":"product_tag","embeddable":true,"href":"https:\/\/agrowprofit.com\/de\/wp-json\/wp\/v2\/product_tag?post=3765"}],"curies":[{"name":"wp","href":"https:\/\/api.w.org\/{rel}","templated":true}]}}