{"id":3764,"date":"2023-03-24T09:35:35","date_gmt":"2023-03-25T10:36:10","guid":{"rendered":"http:\/\/agrowprofit.com\/view-all\/unkategorisiert\/sublieme-ph-grow\/"},"modified":"2023-03-30T12:29:28","modified_gmt":"2023-03-30T10:29:28","slug":"sublieme-ph-grow","status":"publish","type":"product","link":"https:\/\/agrowprofit.com\/de\/alle-ansehen\/pflanzenernahrung\/sublieme-ph-grow\/","title":{"rendered":"Sublieme pH- Grow"},"content":{"rendered":"<p>Gartenarbeit ist eine hohe Kunst, und die Aufrechterhaltung des pH-Werts im Boden ist eine der wichtigsten Komponenten. Hobbyg\u00e4rtner wissen nur zu gut, dass N\u00e4hrstoffe von den Pflanzen nicht wirksam aufgenommen werden, wenn ihr pH-Wert nicht stimmt. Aus diesem Grund pr\u00e4sentiert Sublime sein revolution\u00e4res Produkt pH-Grow!<\/p>\n<p>Unser Produkt tr\u00e4gt dazu bei, den pH-Wert in der Wurzelzone zu senken, so dass Ihre wertvollen Pflanzen die N\u00e4hrstoffe aufnehmen k\u00f6nnen, die sie am meisten ben\u00f6tigen. Bei regelm\u00e4\u00dfiger Nutzung unseres Premium-Addons k\u00f6nnen Sie den S\u00e4uregehalt Ihres Bodens m\u00fchelos im Auge behalten und sicherstellen, dass Ihre sch\u00f6nen Pflanzen gedeihen. Au\u00dferdem wird bei jeder Zugabe eine n\u00fctzliche Portion Stickstoff hinzugef\u00fcgt!<\/p>\n<p>\u00dcberlassen Sie Ihren kostbaren Garten nicht dem Zufall &#8211; behalten Sie noch heute die Kontrolle mit unserem ph-Grow Optimizer und garantieren Sie sowohl gesunde Pflanzen als auch erstklassige Ergebnisse. Warten Sie nicht l\u00e4nger &#8211; kaufen Sie pH-Grow jetzt und \u00fcberzeugen Sie sich selbst von seiner Wirkung!<\/p>\n<hr \/>\n<p>Die Aufrechterhaltung des richtigen pH-Werts in der Wurzelzone ist f\u00fcr die F\u00e4higkeit der Pflanze, N\u00e4hrstoffe aufzunehmen, von entscheidender Bedeutung. Ist der pH-Wert zu hoch oder zu niedrig, k\u00f6nnen die N\u00e4hrstoffe nicht ausreichend von der Pflanze aufgenommen werden. Deshalb sollten Sie die pH-Zusatzstoffe verwenden, die Sublieme anbietet.<\/p>\n<p>Verwenden Sie Sublieme pH- Grow in der Wachstumsphase, um den S\u00e4uregehalt von Wasser und Substrat zu korrigieren. pH- Grow f\u00fcgt der Nahrung Stickstoff zu.<\/p>\n<p><strong>Vorsicht!<\/strong><\/p>\n<ul>\n<li>Nicht einnehmen.<\/li>\n<li>Von kleinen Kindern fernhalten.<\/li>\n<li>Nach Gebrauch H\u00e4nde waschen.<\/li>\n<li>Warnung H315 Verursacht Hautreizungen.<\/li>\n<li>Warnung H319 Verursacht schwere Augenreizung.<\/li>\n<li>Gefahr H314 Verursacht schwere Ver\u00e4tzungen der Haut und schwere Augensch\u00e4den.<\/li>\n<li>H290 Kann gegen\u00fcber Metallen korrosiv sein.<\/li>\n<li>H302 Gesundheitssch\u00e4dlich beim Verschlucken.<\/li>\n<li>P260 Staub\/Rauch\/Gas\/Nebel\/D\u00e4mpfe\/Aerosol nicht einatmen.<\/li>\n<li>P280 Schutzhandschuhe\/Schutzkleidung\/Augenschutz\/Gesichtsschutz tragen.<\/li>\n<\/ul>\n","protected":false},"excerpt":{"rendered":"<h5>Senkt den pH-Wert<\/h5>\n<p><strong>1 Liter<\/strong><\/p>\n<ul>\n<li>Korrigiert den pH-Wert in der Wurzelzone<\/li>\n<li>F\u00fcgt der Ern\u00e4hrung der Pflanze Stickstoff hinzu<\/li>\n<li>F\u00f6rdert die N\u00e4hrstoffaufnahme f\u00fcr gesunde Pflanzen<\/li>\n<li>Erh\u00e4lt den richtigen pH-Wert f\u00fcr kr\u00e4ftiges Wachstum<\/li>\n<\/ul>\n","protected":false},"featured_media":3736,"template":"","meta":{"_acf_changed":false},"product_brand":[],"product_cat":[79],"product_tag":[],"class_list":{"0":"post-3764","1":"product","2":"type-product","3":"status-publish","4":"has-post-thumbnail","6":"product_cat-pflanzenernahrung","8":"first","9":"instock","10":"taxable","11":"shipping-taxable","12":"product-type-simple"},"acf":[],"_links":{"self":[{"href":"https:\/\/agrowprofit.com\/de\/wp-json\/wp\/v2\/product\/3764","targetHints":{"allow":["GET"]}}],"collection":[{"href":"https:\/\/agrowprofit.com\/de\/wp-json\/wp\/v2\/product"}],"about":[{"href":"https:\/\/agrowprofit.com\/de\/wp-json\/wp\/v2\/types\/product"}],"wp:featuredmedia":[{"embeddable":true,"href":"https:\/\/agrowprofit.com\/de\/wp-json\/wp\/v2\/media\/3736"}],"wp:attachment":[{"href":"https:\/\/agrowprofit.com\/de\/wp-json\/wp\/v2\/media?parent=3764"}],"wp:term":[{"taxonomy":"product_brand","embeddable":true,"href":"https:\/\/agrowprofit.com\/de\/wp-json\/wp\/v2\/product_brand?post=3764"},{"taxonomy":"product_cat","embeddable":true,"href":"https:\/\/agrowprofit.com\/de\/wp-json\/wp\/v2\/product_cat?post=3764"},{"taxonomy":"product_tag","embeddable":true,"href":"https:\/\/agrowprofit.com\/de\/wp-json\/wp\/v2\/product_tag?post=3764"}],"curies":[{"name":"wp","href":"https:\/\/api.w.org\/{rel}","templated":true}]}}