{"id":3760,"date":"2023-03-24T09:26:24","date_gmt":"2023-03-25T10:35:12","guid":{"rendered":"http:\/\/agrowprofit.com\/view-all\/unkategorisiert\/sublieme-root-enzymes\/"},"modified":"2023-03-30T12:28:55","modified_gmt":"2023-03-30T10:28:55","slug":"unterliegend-wurzelenzyme","status":"publish","type":"product","link":"https:\/\/agrowprofit.com\/de\/alle-ansehen\/pflanzenernahrung\/unterliegend-wurzelenzyme\/","title":{"rendered":"Sublieme Root Enzymes"},"content":{"rendered":"<p>Suchen Sie nach einer M\u00f6glichkeit, Ihren Pflanzen ein optimales Umfeld f\u00fcr ihr Wachstum zu bieten? Dann brauchen Sie Sublime Root Enzyme!<\/p>\n<p>Dieses einzigartige Produkt wurde speziell entwickelt, um die Wurzelzone zu reinigen und komplexe Polysaccharide in einfache, wasserl\u00f6sliche Monosaccharide aufzuspalten. Dadurch k\u00f6nnen die N\u00e4hrstoffe leichter vom Substrat aufgenommen und ausgewaschen werden &#8211; ein Prozess, der besonders bei inerten Substraten wie Steinwolle oder Kokos n\u00fctzlich ist. Egal, ob Sie Hobbyg\u00e4rtner oder professioneller Z\u00fcchter sind, Sublime Root Enzymes sind die perfekte L\u00f6sung f\u00fcr eine erstklassige Pflanzengesundheit und bessere Ertr\u00e4ge. Holen Sie sich Ihre noch heute &#8211; es ist eine Investition in gesunde und reichhaltige Ernten!<\/p>\n<hr \/>\n<p>Die Zersetzung von Zellulose und anderen Polysacchariden ist ein wichtiger Prozess in dem mikrobiologischen \u00d6kosystem, das in der Rhizosph\u00e4re (der Region um die Wurzeln der Pflanzen) existiert. Die Natur hat ihre eigene Art, diese Verbindungen abzubauen, aber f\u00fcr viele hocheffiziente Kulturen ist dieser Prozess nicht vorhanden oder zu langsam. Um sicherzustellen, dass die organischen Molek\u00fcle effektiv abgebaut werden, werden dem Substrat Sublieme-Wurzelenzyme zugesetzt. Dieses Produkt enth\u00e4lt eine Mischung von Enzymen, die Polysaccharide in Monosaccharide aufspalten. Letztere sind im Gegensatz zu den Polysacchariden wasserl\u00f6slich und k\u00f6nnen daher abgewaschen werden. Dies ist besonders wichtig, wenn Sie inerte Substrate wie Steinwolle oder Kokostorf f\u00fcr die Anzucht Ihrer Pflanzen verwenden.<\/p>\n<p><strong>Gebrauchsanweisung:<\/strong><\/p>\n<ul>\n<li>Vor Gebrauch gut sch\u00fctteln.<\/li>\n<li>Die Anwendung erfolgt wie in der Packungsbeilage beschrieben.<\/li>\n<\/ul>\n<p><strong>Vorsicht!<\/strong><\/p>\n<ul>\n<li>Nicht einnehmen.<\/li>\n<li>Von kleinen Kindern fernhalten.<\/li>\n<\/ul>\n","protected":false},"excerpt":{"rendered":"<h5>Reinigt die Wurzelzone<\/h5>\n<ul>\n<li>Verbesserung von Pflanzenwachstum und -gesundheit<\/li>\n<li>Erh\u00f6hung der N\u00e4hrstoffaufnahme durch Pflanzen<\/li>\n<li>Abbau von Zellulose und anderen Polysacchariden f\u00fcr einen schnelleren, effizienteren Wachstumszyklus<\/li>\n<li>Kompatibel mit allen Kultursubstraten<\/li>\n<\/ul>\n","protected":false},"featured_media":3733,"template":"","meta":{"_acf_changed":false},"product_brand":[],"product_cat":[79],"product_tag":[],"class_list":{"0":"post-3760","1":"product","2":"type-product","3":"status-publish","4":"has-post-thumbnail","6":"product_cat-pflanzenernahrung","8":"first","9":"instock","10":"taxable","11":"shipping-taxable","12":"product-type-variable"},"acf":[],"_links":{"self":[{"href":"https:\/\/agrowprofit.com\/de\/wp-json\/wp\/v2\/product\/3760","targetHints":{"allow":["GET"]}}],"collection":[{"href":"https:\/\/agrowprofit.com\/de\/wp-json\/wp\/v2\/product"}],"about":[{"href":"https:\/\/agrowprofit.com\/de\/wp-json\/wp\/v2\/types\/product"}],"wp:featuredmedia":[{"embeddable":true,"href":"https:\/\/agrowprofit.com\/de\/wp-json\/wp\/v2\/media\/3733"}],"wp:attachment":[{"href":"https:\/\/agrowprofit.com\/de\/wp-json\/wp\/v2\/media?parent=3760"}],"wp:term":[{"taxonomy":"product_brand","embeddable":true,"href":"https:\/\/agrowprofit.com\/de\/wp-json\/wp\/v2\/product_brand?post=3760"},{"taxonomy":"product_cat","embeddable":true,"href":"https:\/\/agrowprofit.com\/de\/wp-json\/wp\/v2\/product_cat?post=3760"},{"taxonomy":"product_tag","embeddable":true,"href":"https:\/\/agrowprofit.com\/de\/wp-json\/wp\/v2\/product_tag?post=3760"}],"curies":[{"name":"wp","href":"https:\/\/api.w.org\/{rel}","templated":true}]}}