{"id":3757,"date":"2023-03-23T17:02:24","date_gmt":"2023-03-25T10:34:40","guid":{"rendered":"http:\/\/agrowprofit.com\/view-all\/unkategorisiert\/sublieme-calmag\/"},"modified":"2023-03-30T12:27:46","modified_gmt":"2023-03-30T10:27:46","slug":"sublieme-calmag","status":"publish","type":"product","link":"https:\/\/agrowprofit.com\/de\/alle-ansehen\/pflanzenernahrung\/sublieme-calmag\/","title":{"rendered":"Sublieme CalMag"},"content":{"rendered":"<p>M\u00f6chten Sie sicherstellen, dass Ihre Pflanzen w\u00e4hrend der Bl\u00fctephase optimal gedeihen? Probieren Sie Sublieme CalMag aus &#8211; die perfekte L\u00f6sung, um Ihren Pflanzen den zus\u00e4tzlichen Schub zu geben, den sie brauchen!<\/p>\n<p>Sublieme Cal Mag ist eine unverzichtbare Erg\u00e4nzung f\u00fcr jeden G\u00e4rtner oder Anbauer. Dieses Produkt enth\u00e4lt eine Mischung aus Kalzium und Magnesium, die den Anteil dieser Mineralien in der Nahrung Ihrer Pflanzen in den letzten Wochen der Bl\u00fctezeit auf nat\u00fcrliche Weise erh\u00f6ht, wenn sie am meisten ben\u00f6tigt werden. Dies sorgt nicht nur f\u00fcr eine optimale Gesundheit, sondern tr\u00e4gt auch dazu bei, dass die Photosynthese bis zum Abschluss des Lebenszyklus fortgesetzt wird.<\/p>\n<p>Warten Sie also nicht l\u00e4nger! Vertrauen Sie auf Sublieme CalMag, um die N\u00e4hrstoffaufnahme und Photosynthese in Ihren Pflanzen und G\u00e4rten zu f\u00f6rdern. Mit Sublieme CalMag sind Sch\u00f6nheit und Gesundheit bei jeder Ernte garantiert!<\/p>\n<hr \/>\n<p>Sublieme CalMag wird verwendet, um den Anteil von Kalzium und Magnesium in der Ern\u00e4hrung der Pflanzen zu erh\u00f6hen. Dieses Produkt ist besonders in den letzten Wochen des Bl\u00fctezyklus von Vorteil, wenn die meisten schnell wachsenden Pflanzen die Mineralien im Substrat aufgebraucht haben. Das Kalzium sorgt f\u00fcr eine gute N\u00e4hrstoffaufnahme durch die Pflanzen, w\u00e4hrend das Magnesium daf\u00fcr sorgt, dass der Photosyntheseprozess der Pflanzen bis zum Ende anh\u00e4lt.<\/p>\n<p><strong>Gebrauchsanweisung:<\/strong><\/p>\n<ul>\n<li>Vor Gebrauch gut sch\u00fctteln.<\/li>\n<li>Die Anwendung erfolgt wie in der Packungsbeilage beschrieben.<\/li>\n<\/ul>\n<p><strong>Vorsicht!<\/strong><\/p>\n<ul>\n<li>Nicht einnehmen.<\/li>\n<li>Von kleinen Kindern fernhalten.<\/li>\n<\/ul>\n","protected":false},"excerpt":{"rendered":"<h5>Sorgt f\u00fcr gute Gesundheit bis zum Ende<\/h5>\n<ul>\n<li>Erh\u00f6ht den Anteil von Calcium und Magnesium in den Pflanzen<\/li>\n<li>Besonders n\u00fctzlich in den letzten Wochen der Bl\u00fctephase<\/li>\n<li>Gew\u00e4hrleistet eine gute Gesundheit bis zum Ende des Lebenszyklus der Pflanze<\/li>\n<li>Erh\u00f6ht die Aufnahme von N\u00e4hrstoffen durch die Pflanzen<\/li>\n<\/ul>\n","protected":false},"featured_media":3730,"template":"","meta":{"_acf_changed":false},"product_brand":[],"product_cat":[79],"product_tag":[],"class_list":{"0":"post-3757","1":"product","2":"type-product","3":"status-publish","4":"has-post-thumbnail","6":"product_cat-pflanzenernahrung","8":"first","9":"instock","10":"taxable","11":"shipping-taxable","12":"product-type-variable"},"acf":[],"_links":{"self":[{"href":"https:\/\/agrowprofit.com\/de\/wp-json\/wp\/v2\/product\/3757","targetHints":{"allow":["GET"]}}],"collection":[{"href":"https:\/\/agrowprofit.com\/de\/wp-json\/wp\/v2\/product"}],"about":[{"href":"https:\/\/agrowprofit.com\/de\/wp-json\/wp\/v2\/types\/product"}],"wp:featuredmedia":[{"embeddable":true,"href":"https:\/\/agrowprofit.com\/de\/wp-json\/wp\/v2\/media\/3730"}],"wp:attachment":[{"href":"https:\/\/agrowprofit.com\/de\/wp-json\/wp\/v2\/media?parent=3757"}],"wp:term":[{"taxonomy":"product_brand","embeddable":true,"href":"https:\/\/agrowprofit.com\/de\/wp-json\/wp\/v2\/product_brand?post=3757"},{"taxonomy":"product_cat","embeddable":true,"href":"https:\/\/agrowprofit.com\/de\/wp-json\/wp\/v2\/product_cat?post=3757"},{"taxonomy":"product_tag","embeddable":true,"href":"https:\/\/agrowprofit.com\/de\/wp-json\/wp\/v2\/product_tag?post=3757"}],"curies":[{"name":"wp","href":"https:\/\/api.w.org\/{rel}","templated":true}]}}