{"id":3753,"date":"2023-03-23T16:39:57","date_gmt":"2023-03-25T10:34:19","guid":{"rendered":"http:\/\/agrowprofit.com\/view-all\/unkategorisiert\/unterliebe-pk-bloom\/"},"modified":"2023-03-30T12:14:31","modified_gmt":"2023-03-30T10:14:31","slug":"sublieme-pk-bloom","status":"publish","type":"product","link":"https:\/\/agrowprofit.com\/de\/alle-ansehen\/pflanzenernahrung\/sublieme-pk-bloom\/","title":{"rendered":"Unterliebe PK Bloom"},"content":{"rendered":"<p>Sublieme PK Bloom 18\/23 ist das perfekte Produkt, um Ihre Pflanzen vor der Ernte fertigzustellen. Kompakte und harte Fr\u00fcchte sind garantiert, wenn Sie diese Stickstoff-, Phosphor- und Kaliummischung in den letzten 4 Wochen des Lebenszyklus zu Ihrer Pflanzennahrung hinzuf\u00fcgen. Alle Hobbyg\u00e4rtner wissen, dass das Abh\u00e4rten der Bl\u00fcten am Ende des Lebenszyklus f\u00fcr eine erfolgreiche Ernte unerl\u00e4sslich ist, aber viele sind sich nicht bewusst, wie vorteilhaft es sein kann, um gut entwickelte Fr\u00fcchte an den Pflanzen zu gew\u00e4hrleisten!<\/p>\n<p>Sublieme PK Bloom 18\/23 erh\u00f6ht die Menge an verf\u00fcgbarem Kalium und Phosphor, wodurch die Zellw\u00e4nde h\u00e4rter, voller und gr\u00f6\u00dfer werden. Das bedeutet, dass sich die Wasserbindung deutlich verbessert und die Haltbarkeit dieser Fr\u00fcchte drastisch erh\u00f6ht. Wenn Sie m\u00f6chten, dass Ihre Blumen gr\u00f6\u00dfer und strahlender bl\u00fchen, dann sollte Sublieme PK Bloom 18\/23 ein wesentlicher Bestandteil Ihres Arsenals als G\u00e4rtner oder Pflanzenz\u00fcchter sein &#8211; probieren Sie es noch heute aus und sehen Sie die erstaunlichen Ergebnisse!<\/p>\n<hr \/>\n<p>Die Aush\u00e4rtung der Bl\u00fcten ist in der letzten Phase des Lebenszyklus einer Pflanze wichtig. Eine erh\u00f6hte Zufuhr von Kalium und Phosphor in der Ern\u00e4hrung hat erhebliche Vorteile f\u00fcr diesen Prozess. Die Fr\u00fcchte an der Pflanze werden durch die Zugabe von Sublieme PK Bloom 18\/23 h\u00e4rter, voller und gr\u00f6\u00dfer. Verwenden Sie dieses Produkt in den letzten 4 Wochen des Lebenszyklus der Pflanze, und Sie werden von seiner Wirkung \u00fcberrascht sein.<\/p>\n<p>Die Wasserbindung wird durch die Verh\u00e4rtung der Zellw\u00e4nde der Fr\u00fcchte verbessert. Das bedeutet, dass die Fr\u00fcchte weniger schnell Feuchtigkeit verlieren und l\u00e4nger haltbar sind.<\/p>\n<p><strong>Gebrauchsanweisung:<\/strong><\/p>\n<ul>\n<li>Vor Gebrauch gut sch\u00fctteln.<\/li>\n<li>Die Anwendung erfolgt wie in der Packungsbeilage beschrieben.<\/li>\n<\/ul>\n<p><strong>Vorsicht!<\/strong><\/p>\n<ul>\n<li>Nicht einnehmen.<\/li>\n<li>Von kleinen Kindern fernhalten.<\/li>\n<\/ul>\n","protected":false},"excerpt":{"rendered":"<h5>Ergebnisse in kompakten Fr\u00fcchten<\/h5>\n<ul>\n<li>Verbesserung der Wasserbindung f\u00fcr vollere, h\u00e4rtere Fr\u00fcchte<\/li>\n<li>Drastische Verl\u00e4ngerung der Haltbarkeit der geernteten Fr\u00fcchte<\/li>\n<li>Erh\u00f6hung der verf\u00fcgbaren Menge an Kalium und Phosphor<\/li>\n<li>Die Pflanzen bl\u00fchen besser, weil sie gr\u00f6\u00dfer und h\u00e4rter werden<\/li>\n<\/ul>\n","protected":false},"featured_media":3728,"template":"","meta":{"_acf_changed":false},"product_brand":[],"product_cat":[79],"product_tag":[],"class_list":{"0":"post-3753","1":"product","2":"type-product","3":"status-publish","4":"has-post-thumbnail","6":"product_cat-pflanzenernahrung","8":"first","9":"instock","10":"taxable","11":"shipping-taxable","12":"product-type-variable"},"acf":[],"_links":{"self":[{"href":"https:\/\/agrowprofit.com\/de\/wp-json\/wp\/v2\/product\/3753","targetHints":{"allow":["GET"]}}],"collection":[{"href":"https:\/\/agrowprofit.com\/de\/wp-json\/wp\/v2\/product"}],"about":[{"href":"https:\/\/agrowprofit.com\/de\/wp-json\/wp\/v2\/types\/product"}],"wp:featuredmedia":[{"embeddable":true,"href":"https:\/\/agrowprofit.com\/de\/wp-json\/wp\/v2\/media\/3728"}],"wp:attachment":[{"href":"https:\/\/agrowprofit.com\/de\/wp-json\/wp\/v2\/media?parent=3753"}],"wp:term":[{"taxonomy":"product_brand","embeddable":true,"href":"https:\/\/agrowprofit.com\/de\/wp-json\/wp\/v2\/product_brand?post=3753"},{"taxonomy":"product_cat","embeddable":true,"href":"https:\/\/agrowprofit.com\/de\/wp-json\/wp\/v2\/product_cat?post=3753"},{"taxonomy":"product_tag","embeddable":true,"href":"https:\/\/agrowprofit.com\/de\/wp-json\/wp\/v2\/product_tag?post=3753"}],"curies":[{"name":"wp","href":"https:\/\/api.w.org\/{rel}","templated":true}]}}