{"id":3749,"date":"2023-03-23T16:27:05","date_gmt":"2023-03-25T10:33:49","guid":{"rendered":"http:\/\/agrowprofit.com\/view-all\/unkategorisiert\/sublieme-bloom-boost\/"},"modified":"2023-03-30T12:13:21","modified_gmt":"2023-03-30T10:13:21","slug":"sublieme-bloom-boost","status":"publish","type":"product","link":"https:\/\/agrowprofit.com\/de\/alle-ansehen\/pflanzenernahrung\/sublieme-bloom-boost\/","title":{"rendered":"Sublieme Bloom Boost"},"content":{"rendered":"<p>Sind Sie m\u00fcde von glanzlosen Knospen und entt\u00e4uscht von einer Ernte, die weit hinter Ihren Erwartungen zur\u00fcckbleibt? Sublieme Bloom Boost ist eine zweiteilige Formel, die speziell f\u00fcr Hobbyg\u00e4rtner und Pflanzenz\u00fcchter entwickelt wurde. Dieses revolution\u00e4re Produkt tr\u00e4gt dazu bei, den Erfolg Ihrer Ernte zu bestimmen, indem es die Bl\u00fctenbildung in der fr\u00fchen Bl\u00fctephase stimuliert und die Bl\u00fcteproduktion verbessert. Mit seiner Hilfe k\u00f6nnen Sie eine F\u00fclle gut entwickelter Knospen erzeugen, was zu h\u00f6heren Ertr\u00e4gen und ges\u00fcnderen Pflanzen f\u00fchrt.<\/p>\n<p>Sublieme Bloom Boost arbeitet mit A Grow und B Bloom zusammen, um sicherzustellen, dass die Pflanzen in der Lage sind, gesunde Bl\u00fcten in vollem Umfang zu produzieren. Egal, ob Sie zum ersten Mal anbauen oder ein erfahrener G\u00e4rtner sind, dieses Produkt wird die Art und Weise, wie Sie Ihre Pflanzen kultivieren, revolutionieren. F\u00fcr optimale Ergebnisse verwenden Sie es in Kombination mit unseren anderen Produkten &#8211; so k\u00f6nnen die Pflanzen eine maximale Bl\u00fctenbildung erreichen! Machen Sie sich bereit f\u00fcr buntere Bl\u00fcten und gr\u00f6\u00dfere Ernten in k\u00fcrzester Zeit!<\/p>\n<hr \/>\n<p>Der Prozess der Knospenbildung ist der Teil des Lebenszyklus verschiedener Pflanzen, auf den sich Anbauer in aller Welt am meisten freuen. Dieser zweiteilige Prozess beginnt mit der Schaffung von Blumenstandorten. Die Anzahl der Bl\u00fctenstandorte, die eine Pflanze in der fr\u00fchen Bl\u00fctephase produzieren kann, hat einen gro\u00dfen Einfluss auf den endg\u00fcltigen Ertrag einer Pflanze. Die zweite Phase des Prozesses ist die Entwicklung und Reifung der Bl\u00fcten oder Knospen f\u00fcr die Best\u00e4ubung oder Ernte. Sublieme Bloom Boost wird die Bl\u00fchf\u00e4higkeit der Pflanze erheblich verbessern. Bei kluger Anwendung in Kombination mit A Grow und B Bloom wird dieses Produkt daf\u00fcr sorgen, dass die Pflanzen viele gut entwickelte Bl\u00fcten hervorbringen.<\/p>\n<p><strong>Gebrauchsanweisung:<\/strong><\/p>\n<ul>\n<li>Vor Gebrauch gut sch\u00fctteln.<\/li>\n<li>Die Anwendung erfolgt wie in der Packungsbeilage beschrieben.<\/li>\n<\/ul>\n<p><strong>Vorsicht!<\/strong><\/p>\n<ul>\n<li>Nicht einnehmen.<\/li>\n<li>Von kleinen Kindern fernhalten.<\/li>\n<\/ul>\n","protected":false},"excerpt":{"rendered":"<ul>\n<li>Gesteigerte Bl\u00fctenproduktion<\/li>\n<li>Verbesserter Knospungsprozess<\/li>\n<li>Mehr Blumen, ges\u00fcndere Pflanzen<\/li>\n<li>F\u00fcr beste Ergebnisse zusammen mit A Grow und B Bloom verwenden<\/li>\n<\/ul>\n","protected":false},"featured_media":3722,"template":"","meta":{"_acf_changed":false},"product_brand":[],"product_cat":[79],"product_tag":[],"class_list":{"0":"post-3749","1":"product","2":"type-product","3":"status-publish","4":"has-post-thumbnail","6":"product_cat-pflanzenernahrung","8":"first","9":"instock","10":"taxable","11":"shipping-taxable","12":"product-type-variable"},"acf":[],"_links":{"self":[{"href":"https:\/\/agrowprofit.com\/de\/wp-json\/wp\/v2\/product\/3749","targetHints":{"allow":["GET"]}}],"collection":[{"href":"https:\/\/agrowprofit.com\/de\/wp-json\/wp\/v2\/product"}],"about":[{"href":"https:\/\/agrowprofit.com\/de\/wp-json\/wp\/v2\/types\/product"}],"wp:featuredmedia":[{"embeddable":true,"href":"https:\/\/agrowprofit.com\/de\/wp-json\/wp\/v2\/media\/3722"}],"wp:attachment":[{"href":"https:\/\/agrowprofit.com\/de\/wp-json\/wp\/v2\/media?parent=3749"}],"wp:term":[{"taxonomy":"product_brand","embeddable":true,"href":"https:\/\/agrowprofit.com\/de\/wp-json\/wp\/v2\/product_brand?post=3749"},{"taxonomy":"product_cat","embeddable":true,"href":"https:\/\/agrowprofit.com\/de\/wp-json\/wp\/v2\/product_cat?post=3749"},{"taxonomy":"product_tag","embeddable":true,"href":"https:\/\/agrowprofit.com\/de\/wp-json\/wp\/v2\/product_tag?post=3749"}],"curies":[{"name":"wp","href":"https:\/\/api.w.org\/{rel}","templated":true}]}}