{"id":3422,"date":"2023-03-18T19:21:23","date_gmt":"2023-03-18T18:21:24","guid":{"rendered":"http:\/\/agrowprofit.com\/?post_type=product&#038;p=3422"},"modified":"2023-03-30T12:12:13","modified_gmt":"2023-03-30T10:12:13","slug":"sublieme-b-bloom","status":"publish","type":"product","link":"https:\/\/agrowprofit.com\/de\/alle-ansehen\/pflanzenernahrung\/sublieme-b-bloom\/","title":{"rendered":"Unterliebe B Bloom"},"content":{"rendered":"<p>Unabh\u00e4ngig von der Konfiguration Ihres Anbausystems ist Sublieme Nutrients B Bloom ein Muss, um eine \u00fcppige Bl\u00fcte und lebendiges Laub zu gew\u00e4hrleisten. Dieser leistungsstarke D\u00fcnger enth\u00e4lt alle wesentlichen Bestandteile zur F\u00f6rderung eines gesunden Wachstums &#8211; Phosphat, Magnesiumoxid, Schwefeltrioxid und sogar Stickstoff und Kalium &#8211; und versorgt die Pflanzen w\u00e4hrend der Bl\u00fctezeit mit allem, was sie f\u00fcr eine maximale Leistung ben\u00f6tigen.<\/p>\n<p>Sublieme Nutrients B Bloom macht es Hobbyz\u00fcchtern und -g\u00e4rtnern leicht, eine komplette Pflanzennahrung zu erstellen. Wenn Sie dieses Produkt mit Sublime A Grow kombinieren, stellen Sie sicher, dass jede Pflanze in Ihrer Pflege in der bestm\u00f6glichen Umgebung gedeiht. Verabschieden Sie sich von unzureichender Best\u00e4ubung oder glanzlosen Bl\u00fcten &#8211; von Ihren geliebten Kr\u00e4uterg\u00e4rten bis hin zu saftigen Tomatenbeeten, Ihr Garten wird keine Grenzen kennen.<\/p>\n<p>Warum zu etwas anderem greifen, wenn man das Beste haben kann? Z\u00fcchten Sie gl\u00fcckliche Pflanzen &#8211; entscheiden Sie sich noch heute f\u00fcr B Bloom von Sublieme Nutrient!<\/p>\n<hr \/>\n<p>Sublieme B Bloom enth\u00e4lt alle N\u00e4hrstoffe, die nicht mit Kalzium kombiniert werden k\u00f6nnen, und mehr. Die wichtigsten Molek\u00fcle in diesem Produkt sind zweifelsohne Phosphat, Magnesiumoxid und Schwefeltrioxid. Diese N\u00e4hrstoffe sind f\u00fcr grundlegende Prozesse wie die Bildung der DNA, die Bildung von Pflanzenzellen, die Synthese von Chlorophyll, die Photosynthese und die Umwandlung von Nitrat in Aminos\u00e4uren und dann in Proteine unerl\u00e4sslich. Dieses Produkt ist mit Mikro- und Makroelementen wie Stickstoff und Kalium angereichert. Es handelt sich also um ein sehr vielseitiges D\u00fcngemittel, das in einer Vielzahl von Anbausystemen verwendet werden kann. Um eine vollst\u00e4ndige Ern\u00e4hrung der Pflanzen zu erreichen, sollte der Z\u00fcchter dieses Produkt mit Sublieme A Grow kombinieren.<\/p>\n<p><strong>Gebrauchsanweisung:<\/strong><\/p>\n<ul>\n<li>Vor Gebrauch gut sch\u00fctteln<\/li>\n<li>Verwendung wie in der Tabelle vorgeschrieben<\/li>\n<\/ul>\n<p><strong>Vorsicht!<\/strong><\/p>\n<ul>\n<li>Nicht einnehmen<\/li>\n<li>Von kleinen Kindern fernhalten<\/li>\n<\/ul>\n","protected":false},"excerpt":{"rendered":"<h5>Wesentlich f\u00fcr die Bl\u00fctezeit<\/h5>\n<ul>\n<li>Enth\u00e4lt alle N\u00e4hrstoffe, die nicht mit Kalzium kombiniert werden k\u00f6nnen<\/li>\n<li>Die wichtigsten Molek\u00fcle sind Phosphat, Magnesiumoxid und Schwefeltrioxid<\/li>\n<li>Erg\u00e4nzt mit Mikro- und Makroelementen<\/li>\n<li>Kann f\u00fcr eine Vielzahl von Anbausystemen verwendet werden<\/li>\n<\/ul>\n","protected":false},"featured_media":3518,"template":"","meta":{"_acf_changed":false},"product_brand":[],"product_cat":[79],"product_tag":[],"class_list":{"0":"post-3422","1":"product","2":"type-product","3":"status-publish","4":"has-post-thumbnail","6":"product_cat-pflanzenernahrung","8":"first","9":"instock","10":"featured","11":"taxable","12":"shipping-taxable","13":"product-type-variable"},"acf":[],"_links":{"self":[{"href":"https:\/\/agrowprofit.com\/de\/wp-json\/wp\/v2\/product\/3422","targetHints":{"allow":["GET"]}}],"collection":[{"href":"https:\/\/agrowprofit.com\/de\/wp-json\/wp\/v2\/product"}],"about":[{"href":"https:\/\/agrowprofit.com\/de\/wp-json\/wp\/v2\/types\/product"}],"wp:featuredmedia":[{"embeddable":true,"href":"https:\/\/agrowprofit.com\/de\/wp-json\/wp\/v2\/media\/3518"}],"wp:attachment":[{"href":"https:\/\/agrowprofit.com\/de\/wp-json\/wp\/v2\/media?parent=3422"}],"wp:term":[{"taxonomy":"product_brand","embeddable":true,"href":"https:\/\/agrowprofit.com\/de\/wp-json\/wp\/v2\/product_brand?post=3422"},{"taxonomy":"product_cat","embeddable":true,"href":"https:\/\/agrowprofit.com\/de\/wp-json\/wp\/v2\/product_cat?post=3422"},{"taxonomy":"product_tag","embeddable":true,"href":"https:\/\/agrowprofit.com\/de\/wp-json\/wp\/v2\/product_tag?post=3422"}],"curies":[{"name":"wp","href":"https:\/\/api.w.org\/{rel}","templated":true}]}}