{"id":2870,"date":"2022-01-05T10:00:47","date_gmt":"2022-01-05T09:00:47","guid":{"rendered":"http:\/\/agrowprofit.com\/datenschutz-bestimmungen\/"},"modified":"2023-03-30T15:19:44","modified_gmt":"2023-03-30T13:19:44","slug":"datenschutz-bestimmungen","status":"publish","type":"page","link":"https:\/\/agrowprofit.com\/de\/datenschutz-bestimmungen\/","title":{"rendered":"Datenschutz-Bestimmungen"},"content":{"rendered":"<h1>Datenschutz-Bestimmungen<\/h1>\n<div>\n<h3>\u00dcber unsere Datenschutzerkl\u00e4rung<\/h3>\n<p>Die Agrowprofit GmbH legt gro\u00dfen Wert auf Ihre Privatsph\u00e4re. Wir verarbeiten daher nur Daten, die wir zur (Verbesserung) unserer Dienste ben\u00f6tigen und gehen mit den von uns erhobenen Informationen \u00fcber Sie und Ihre Nutzung unserer Dienste sorgsam um. Wir geben Ihre Daten niemals zu kommerziellen Zwecken an Dritte weiter. Diese Datenschutzerkl\u00e4rung gilt f\u00fcr die Nutzung der Website und der Dienste der Agrowprofit GmbH. Das G\u00fcltigkeitsdatum dieser Bedingungen ist der 18.01.2019, mit der Ver\u00f6ffentlichung einer neuen Version erlischt die G\u00fcltigkeit aller vorherigen Versionen. Diese Datenschutzerkl\u00e4rung beschreibt, welche Daten \u00fcber Sie von uns erfasst werden, wof\u00fcr diese Daten verwendet werden und an wen und unter welchen Bedingungen diese Daten an Dritte weitergegeben werden k\u00f6nnen. Au\u00dferdem erkl\u00e4ren wir Ihnen, wie wir Ihre Daten speichern und wie wir Ihre Daten vor Missbrauch sch\u00fctzen und welche Rechte Sie in Bezug auf die uns von Ihnen zur Verf\u00fcgung gestellten personenbezogenen Daten haben. Bei Fragen zu unserer Datenschutzerkl\u00e4rung wenden Sie sich bitte an unseren Datenschutz-Ansprechpartner, die Kontaktdaten finden Sie am Ende unserer Datenschutzerkl\u00e4rung.<\/p>\n<h3>\u00dcber die Datenverarbeitung<\/h3>\n<p>Nachfolgend erfahren Sie, wie wir Ihre Daten verarbeiten, wo wir sie speichern (oder speichern lassen), welche Sicherheitstechniken wir einsetzen und f\u00fcr wen die Daten transparent sind.<\/p>\n<h3>Webshop-Software WooCommerce<\/h3>\n<p>Unser Webshop wurde mit Software von WooCommerce entwickelt, wir haben uns f\u00fcr Versio f\u00fcr unser Webhosting entschieden. Personenbezogene Daten, die Sie uns zum Zwecke unserer Dienstleistungen zur Verf\u00fcgung stellen, werden an diese Partei weitergegeben. Versio hat Zugriff auf Ihre Daten, um uns (technischen) Support zu leisten, sie werden Ihre Daten niemals f\u00fcr andere Zwecke verwenden. Versio ist verpflichtet, auf Grundlage der von uns mit ihnen abgeschlossenen Vertr\u00e4ge geeignete Sicherheitsma\u00dfnahmen zu treffen. Diese Sicherheitsma\u00dfnahmen bestehen aus der Anwendung von SSL-Verschl\u00fcsselung und einer starken Passwortrichtlinie. Um Datenverlust zu vermeiden, werden regelm\u00e4\u00dfige Backups erstellt.<\/p>\n<h3>WooCommerce<\/h3>\n<p>Unser Webshop wurde mit Software von WooCommerce entwickelt, wir hosten unseren Webshop auf einem von Versio verwalteten Server. Sie haben geeignete technische und organisatorische Ma\u00dfnahmen getroffen, um Missbrauch, Verlust und Verf\u00e4lschung von Daten so weit wie m\u00f6glich zu verhindern. Diese Sicherheitsma\u00dfnahmen bestehen in jedem Fall aus der Anwendung einer SSL-Verschl\u00fcsselung und einer starken Passwortrichtlinie. Um Datenverlust zu vermeiden, werden regelm\u00e4\u00dfige Backups erstellt.<\/p>\n<h3>Webhosting-Versio<\/h3>\n<p>Wir beziehen Webhosting- und E-Mail-Dienste von Versio. Versio verarbeitet personenbezogene Daten in unserem Auftrag und nutzt Ihre Daten nicht f\u00fcr eigene Zwecke. Diese Partei kann jedoch Metadaten \u00fcber die Nutzung der Dienste sammeln. Dies sind keine personenbezogenen Daten. Versio hat geeignete technische und organisatorische Ma\u00dfnahmen getroffen, um den Verlust und die unbefugte Verwendung Ihrer personenbezogenen Daten zu verhindern. Versio ist aufgrund der Vereinbarung zur Verschwiegenheit verpflichtet. Wir nutzen die Dienste von Versio f\u00fcr unseren regelm\u00e4\u00dfigen gesch\u00e4ftlichen E-Mail-Verkehr. Diese Partei hat geeignete technische und organisatorische Ma\u00dfnahmen getroffen, um Missbrauch, Verlust und Besch\u00e4digung Ihrer und unserer Daten so gut wie m\u00f6glich zu verhindern. Versio hat keinen Zugriff auf unser Postfach und wir behandeln unseren gesamten E-Mail-Verkehr vertraulich.<\/p>\n<h2>Zweck der Datenverarbeitung<\/h2>\n<h3>Allgemeiner Zweck der Verarbeitung<\/h3>\n<p>Wir verwenden Ihre Daten nur zum Zweck unserer Dienstleistungen. Das hei\u00dft, der Zweck der Verarbeitung steht immer in direktem Zusammenhang mit der von Ihnen erteilten Bestellung. Wir verwenden Ihre Daten nicht f\u00fcr (gezieltes) Marketing. Wenn Sie uns Informationen mitteilen und wir diese Informationen verwenden, um Sie zu einem sp\u00e4teren Zeitpunkt \u2013 au\u00dfer auf Ihren Wunsch \u2013 zu kontaktieren, werden wir Sie hierf\u00fcr um eine ausdr\u00fcckliche Erlaubnis bitten. Ihre Daten werden nicht an Dritte weitergegeben, au\u00dfer zur Erf\u00fcllung buchhalterischer und sonstiger administrativer Pflichten. Diese Dritten werden alle aufgrund der Vereinbarung zwischen ihnen und uns oder eines Eids oder einer gesetzlichen Verpflichtung vertraulich behandelt.<\/p>\n<h3>Automatisch erfasste Daten<\/h3>\n<p>Die Verarbeitung der von unserer Website automatisch erhobenen Daten erfolgt mit dem Ziel, unser Angebot weiter zu verbessern. Diese Daten (zB Ihre IP-Adresse, Webbrowser und Betriebssystem) sind keine personenbezogenen Daten.<\/p>\n<h3>Zusammenarbeit bei steuerlichen und strafrechtlichen Ermittlungen<\/h3>\n<p>In einigen F\u00e4llen kann die AgrowProfit GmbH gesetzlich verpflichtet sein, Ihre Daten im Zusammenhang mit staatlichen Steuer- oder strafrechtlichen Ermittlungen weiterzugeben. In einem solchen Fall sind wir gezwungen, Ihre Daten weiterzugeben, werden dies jedoch im Rahmen der gesetzlichen M\u00f6glichkeiten ablehnen.<\/p>\n<h3>Aufbewahrungsfristen<\/h3>\n<p>Wir bewahren Ihre Daten so lange auf, wie Sie Kunde bei uns sind. Das bedeutet, dass wir Ihr Kundenprofil so lange aufbewahren, bis Sie angeben, dass Sie unsere Dienste nicht mehr nutzen m\u00f6chten. Wenn Sie uns dies mitteilen, betrachten wir dies auch als Vergessensanfrage. Aufgrund geltender Verwaltungspflichten m\u00fcssen wir Rechnungen mit Ihren (personenbezogenen) Daten aufbewahren, so dass wir diese Daten so lange aufbewahren, wie die geltende Frist l\u00e4uft. Mitarbeiter haben jedoch keinen Zugriff mehr auf Ihr Kundenprofil und die Dokumente, die wir als Reaktion auf Ihren Auftrag erstellt haben.<\/p>\n<h3>Deine Rechte<\/h3>\n<p>Aufgrund der geltenden niederl\u00e4ndischen und europ\u00e4ischen Gesetzgebung haben Sie als betroffene Person bestimmte Rechte in Bezug auf die von uns oder in unserem Auftrag verarbeiteten personenbezogenen Daten. Nachfolgend erl\u00e4utern wir, welche Rechte dies sind und wie Sie diese Rechte geltend machen k\u00f6nnen. Um Missbrauch zu verhindern, senden wir grunds\u00e4tzlich nur Kopien und Kopien Ihrer Daten an Ihre bereits bekannte E-Mail-Adresse. F\u00fcr den Fall, dass Sie die Daten an eine andere E-Mail-Adresse oder beispielsweise per Post erhalten m\u00f6chten, bitten wir Sie, sich auszuweisen. Wir f\u00fchren Aufzeichnungen \u00fcber abgeschlossene Anfragen, im Falle einer Anfrage zum Vergessen verwalten wir anonymisierte Daten. Sie erhalten alle Kopien und Kopien von Daten im maschinenlesbaren Datenformat, das wir in unseren Systemen verwenden.<\/p>\n<h3>Einsichtsrecht<\/h3>\n<p>Sie haben jederzeit das Recht, die von uns verarbeiteten oder verarbeiteten Daten, die sich auf Ihre Person beziehen oder auf Sie zur\u00fcckf\u00fchrbar sind, einzusehen.Sie k\u00f6nnen eine entsprechende Anfrage an unseren Ansprechpartner f\u00fcr Datenschutzangelegenheiten richten.Sie erhalten dann innerhalb von 30 Tagen eine Antwort auf Ihre Anfrage.Wird Ihrem Antrag stattgegeben, \u00fcbersenden wir Ihnen an die uns bekannte E-Mail-Adresse eine Kopie aller Daten mit einer \u00dcbersicht der Auftragsverarbeiter, die diese Daten haben, unter Angabe der Kategorie, unter der diese Daten bei uns gespeichert sind.<\/p>\n<h3>Recht auf Berichtigung<\/h3>\n<p>Sie haben jederzeit das Recht, die von uns verarbeiteten oder verarbeiteten Daten, die sich auf Ihre Person beziehen oder auf Sie zur\u00fcckf\u00fchrbar sind, anpassen zu lassen.Sie k\u00f6nnen eine entsprechende Anfrage an unseren Ansprechpartner f\u00fcr Datenschutzangelegenheiten richten.Sie erhalten dann innerhalb von 30 Tagen eine Antwort auf Ihre Anfrage.Wenn Ihrer Anfrage stattgegeben wird, senden wir Ihnen eine Best\u00e4tigung \u00fcber die Anpassung der Daten an die uns bekannte E-Mail-Adresse.Recht auf Einschr\u00e4nkung der Verarbeitung Sie haben jederzeit das Recht auf Einschr\u00e4nkung der von uns verarbeiteten oder verarbeiteten Daten, die sich auf Ihre Person beziehen oder auf Sie zur\u00fcckgef\u00fchrt werden k\u00f6nnen.Sie k\u00f6nnen eine entsprechende Anfrage an unseren Ansprechpartner f\u00fcr Datenschutzangelegenheiten richten.Sie erhalten dann innerhalb von 30 Tagen eine Antwort auf Ihre Anfrage.<\/p>\n<h3>Recht auf \u00dcbertragbarkeit<\/h3>\n<p>Sie haben jederzeit das Recht, die von uns verarbeiteten oder verarbeiteten Daten, die sich auf Ihre Person beziehen oder auf diese zur\u00fcckverfolgt werden k\u00f6nnen, durch einen Dritten ausf\u00fchren zu lassen.Sie k\u00f6nnen eine entsprechende Anfrage an unseren Ansprechpartner f\u00fcr Datenschutzangelegenheiten richten.Sie erhalten dann innerhalb von 30 Tagen eine Antwort auf Ihre Anfrage.Wird Ihrem Antrag stattgegeben, \u00fcbersenden wir Ihnen Kopien bzw. Kopien aller Daten \u00fcber Sie, die wir verarbeitet haben oder die in unserem Auftrag von anderen Auftragsverarbeitern oder Dritten verarbeitet wurden, an die uns bekannte E-Mail-Adresse.Aller Wahrscheinlichkeit nach werden wir in einem solchen Fall den Dienst nicht mehr fortf\u00fchren k\u00f6nnen, da dann die sichere Verkn\u00fcpfung von Dateien nicht mehr gew\u00e4hrleistet ist.<\/p>\n<h3>Widerspruchsrecht und sonstige Rechte<\/h3>\n<p>In solchen F\u00e4llen haben Sie das Recht, der Verarbeitung Ihrer personenbezogenen Daten durch oder im Namen der AgrowProfit GmbH zu widersprechen. Im Falle Ihres Widerspruchs werden wir die Datenverarbeitung bis zur Bearbeitung Ihres Widerspruchs unverz\u00fcglich einstellen.Bei berechtigtem Widerspruch werden wir Ihnen Kopien bzw. Kopien von Daten, die wir verarbeiten oder verarbeiten lassen, zur Verf\u00fcgung stellen und die Verarbeitung anschlie\u00dfend endg\u00fcltig einstellen.Sie haben auch das Recht, nicht einer automatisierten Entscheidungsfindung im Einzelfall oder einem Profiling unterworfen zu werden.Wir verarbeiten Ihre Daten nicht so, dass dieses Recht gilt. Wenn Sie der Meinung sind, dass dies der Fall ist, wenden Sie sich bitte an unseren Ansprechpartner f\u00fcr Datenschutzangelegenheiten.<\/p>\n<h2>Kekse<\/h2>\n<h3>Cookies von Drittanbietern<\/h3>\n<p>F\u00fcr den Fall, dass Softwarel\u00f6sungen von Drittanbietern Cookies verwenden, wird dies in dieser Datenschutzerkl\u00e4rung angegeben.<\/p>\n<h3>\u00c4nderungen der Datenschutzrichtlinie<\/h3>\n<p>Wir behalten uns das Recht vor, unsere Datenschutzerkl\u00e4rung jederzeit zu \u00e4ndern. Auf dieser Seite finden Sie jedoch immer die aktuellste Version.<\/p>\n<p>Sollte die neue Datenschutzerkl\u00e4rung Konsequenzen f\u00fcr die Verarbeitung bereits erhobener Daten von Ihnen durch uns haben, informieren wir Sie per E-Mail.<\/p>\n<h3>Kontaktdetails<\/h3>\n<p>AgrowProfit GmbH <br \/>Kempener Stra\u00dfe 45<br \/>47669 Wachtendonk<br \/>Deutschland<\/p>\n<p>E info@agri-profit.com<br \/>Ansprechpartner f\u00fcr Datenschutzangelegenheiten Roy de Munck<\/p>\n<p>AgrowProfit<\/p><\/div>\n<p><!--more--><br \/>\n<!-- {\"type\":\"layout\",\"children\":[{\"type\":\"section\",\"props\":{\"image_position\":\"center-center\",\"style\":\"default\",\"title_breakpoint\":\"xl\",\"title_position\":\"top-left\",\"title_rotation\":\"left\",\"vertical_align\":\"middle\",\"width\":\"default\"},\"children\":[{\"type\":\"row\",\"children\":[{\"type\":\"column\",\"props\":{\"image_position\":\"center-center\",\"media_overlay_gradient\":\"\",\"position_sticky_breakpoint\":\"m\"},\"children\":[{\"type\":\"headline\",\"props\":{\"content\":\"Datenschutz-Bestimmungen\",\"title_element\":\"h1\"}},{\"type\":\"text\",\"props\":{\"column_breakpoint\":\"m\",\"content\":\"\n\n<h3>\\u00dcber unsere Datenschutzerkl\\u00e4rung<\\\/h3>\\n\n\n<p>Die Agrowprofit GmbH legt gro\\u00dfen Wert auf Ihre Privatsph\\u00e4re. Wir verarbeiten daher nur Daten, die wir zur (Verbesserung) unserer Dienste ben\\u00f6tigen und gehen mit den von uns erhobenen Informationen \\u00fcber Sie und Ihre Nutzung unserer Dienste sorgsam um. Wir geben Ihre Daten niemals zu kommerziellen Zwecken an Dritte weiter. Diese Datenschutzerkl\\u00e4rung gilt f\\u00fcr die Nutzung der Website und der Dienste der Agrowprofit GmbH. Das G\\u00fcltigkeitsdatum dieser Bedingungen ist der 18.01.2019, mit der Ver\\u00f6ffentlichung einer neuen Version erlischt die G\\u00fcltigkeit aller vorherigen Versionen. Diese Datenschutzerkl\\u00e4rung beschreibt, welche Daten \\u00fcber Sie von uns erfasst werden, wof\\u00fcr diese Daten verwendet werden und an wen und unter welchen Bedingungen diese Daten an Dritte weitergegeben werden k\\u00f6nnen. Au\\u00dferdem erkl\\u00e4ren wir Ihnen, wie wir Ihre Daten speichern und wie wir Ihre Daten vor Missbrauch sch\\u00fctzen und welche Rechte Sie in Bezug auf die uns von Ihnen zur Verf\\u00fcgung gestellten personenbezogenen Daten haben. Bei Fragen zu unserer Datenschutzerkl\\u00e4rung wenden Sie sich bitte an unseren Datenschutz-Ansprechpartner, die Kontaktdaten finden Sie am Ende unserer Datenschutzerkl\\u00e4rung.<\\\/p>\\n\n\n<h3>\\u00dcber die Datenverarbeitung<\\\/h3>\\n\n\n<p>Nachfolgend erfahren Sie, wie wir Ihre Daten verarbeiten, wo wir sie speichern (oder speichern lassen), welche Sicherheitstechniken wir einsetzen und f\\u00fcr wen die Daten transparent sind.<\\\/p>\\n\n\n<h3>Webshop-Software WooCommerce<\\\/h3>\\n\n\n<p>Unser Webshop wurde mit Software von WooCommerce entwickelt, wir haben uns f\\u00fcr Versio f\\u00fcr unser Webhosting entschieden. Personenbezogene Daten, die Sie uns zum Zwecke unserer Dienstleistungen zur Verf\\u00fcgung stellen, werden an diese Partei weitergegeben. Versio hat Zugriff auf Ihre Daten, um uns (technischen) Support zu leisten, sie werden Ihre Daten niemals f\\u00fcr andere Zwecke verwenden. Versio ist verpflichtet, auf Grundlage der von uns mit ihnen abgeschlossenen Vertr\\u00e4ge geeignete Sicherheitsma\\u00dfnahmen zu treffen. Diese Sicherheitsma\\u00dfnahmen bestehen aus der Anwendung von SSL-Verschl\\u00fcsselung und einer starken Passwortrichtlinie. Um Datenverlust zu vermeiden, werden regelm\\u00e4\\u00dfige Backups erstellt.<\\\/p>\\n\n\n<h3>WooCommerce<\\\/h3>\\n\n\n<p>Unser Webshop wurde mit Software von WooCommerce entwickelt, wir hosten unseren Webshop auf einem von Versio verwalteten Server. Sie haben geeignete technische und organisatorische Ma\\u00dfnahmen getroffen, um Missbrauch, Verlust und Verf\\u00e4lschung von Daten so weit wie m\\u00f6glich zu verhindern. Diese Sicherheitsma\\u00dfnahmen bestehen in jedem Fall aus der Anwendung einer SSL-Verschl\\u00fcsselung und einer starken Passwortrichtlinie. Um Datenverlust zu vermeiden, werden regelm\\u00e4\\u00dfige Backups erstellt.<\\\/p>\\n\n\n<h3>Webhosting-Versio<\\\/h3>\\n\n\n<p>Wir beziehen Webhosting- und E-Mail-Dienste von Versio. Versio verarbeitet personenbezogene Daten in unserem Auftrag und nutzt Ihre Daten nicht f\\u00fcr eigene Zwecke. Diese Partei kann jedoch Metadaten \\u00fcber die Nutzung der Dienste sammeln. Dies sind keine personenbezogenen Daten. Versio hat geeignete technische und organisatorische Ma\\u00dfnahmen getroffen, um den Verlust und die unbefugte Verwendung Ihrer personenbezogenen Daten zu verhindern. Versio ist aufgrund der Vereinbarung zur Verschwiegenheit verpflichtet. Wir nutzen die Dienste von Versio f\\u00fcr unseren regelm\\u00e4\\u00dfigen gesch\\u00e4ftlichen E-Mail-Verkehr. Diese Partei hat geeignete technische und organisatorische Ma\\u00dfnahmen getroffen, um Missbrauch, Verlust und Besch\\u00e4digung Ihrer und unserer Daten so gut wie m\\u00f6glich zu verhindern. Versio hat keinen Zugriff auf unser Postfach und wir behandeln unseren gesamten E-Mail-Verkehr vertraulich.<\\\/p>\\n\n\n<h2>Zweck der Datenverarbeitung<\\\/h2>\\n\n\n<h3>Allgemeiner Zweck der Verarbeitung<\\\/h3>\\n\n\n<p>Wir verwenden Ihre Daten nur zum Zweck unserer Dienstleistungen. Das hei\\u00dft, der Zweck der Verarbeitung steht immer in direktem Zusammenhang mit der von Ihnen erteilten Bestellung. Wir verwenden Ihre Daten nicht f\\u00fcr (gezieltes) Marketing. Wenn Sie uns Informationen mitteilen und wir diese Informationen verwenden, um Sie zu einem sp\\u00e4teren Zeitpunkt \\u2013 au\\u00dfer auf Ihren Wunsch \\u2013 zu kontaktieren, werden wir Sie hierf\\u00fcr um eine ausdr\\u00fcckliche Erlaubnis bitten. Ihre Daten werden nicht an Dritte weitergegeben, au\\u00dfer zur Erf\\u00fcllung buchhalterischer und sonstiger administrativer Pflichten. Diese Dritten werden alle aufgrund der Vereinbarung zwischen ihnen und uns oder eines Eids oder einer gesetzlichen Verpflichtung vertraulich behandelt.<\\\/p>\\n\n\n<h3>Automatisch erfasste Daten<\\\/h3>\\n\n\n<p>Die Verarbeitung der von unserer Website automatisch erhobenen Daten erfolgt mit dem Ziel, unser Angebot weiter zu verbessern. Diese Daten (zB Ihre IP-Adresse, Webbrowser und Betriebssystem) sind keine personenbezogenen Daten.<\\\/p>\\n\n\n<h3>Zusammenarbeit bei steuerlichen und strafrechtlichen Ermittlungen<\\\/h3>\\n\n\n<p>In einigen F\\u00e4llen kann die AgrowProfit GmbH gesetzlich verpflichtet sein, Ihre Daten im Zusammenhang mit staatlichen Steuer- oder strafrechtlichen Ermittlungen weiterzugeben. In einem solchen Fall sind wir gezwungen, Ihre Daten weiterzugeben, werden dies jedoch im Rahmen der gesetzlichen M\\u00f6glichkeiten ablehnen.<\\\/p>\\n\n\n<h3>Aufbewahrungsfristen<\\\/h3>\\n\n\n<p>Wir bewahren Ihre Daten so lange auf, wie Sie Kunde bei uns sind. Das bedeutet, dass wir Ihr Kundenprofil so lange aufbewahren, bis Sie angeben, dass Sie unsere Dienste nicht mehr nutzen m\\u00f6chten. Wenn Sie uns dies mitteilen, betrachten wir dies auch als Vergessensanfrage. Aufgrund geltender Verwaltungspflichten m\\u00fcssen wir Rechnungen mit Ihren (personenbezogenen) Daten aufbewahren, so dass wir diese Daten so lange aufbewahren, wie die geltende Frist l\\u00e4uft. Mitarbeiter haben jedoch keinen Zugriff mehr auf Ihr Kundenprofil und die Dokumente, die wir als Reaktion auf Ihren Auftrag erstellt haben.<\\\/p>\\n\n\n<h3>Deine Rechte<\\\/h3>\\n\n\n<p>Aufgrund der geltenden niederl\\u00e4ndischen und europ\\u00e4ischen Gesetzgebung haben Sie als betroffene Person bestimmte Rechte in Bezug auf die von uns oder in unserem Auftrag verarbeiteten personenbezogenen Daten. Nachfolgend erl\\u00e4utern wir, welche Rechte dies sind und wie Sie diese Rechte geltend machen k\\u00f6nnen. Um Missbrauch zu verhindern, senden wir grunds\\u00e4tzlich nur Kopien und Kopien Ihrer Daten an Ihre bereits bekannte E-Mail-Adresse. F\\u00fcr den Fall, dass Sie die Daten an eine andere E-Mail-Adresse oder beispielsweise per Post erhalten m\\u00f6chten, bitten wir Sie, sich auszuweisen. Wir f\\u00fchren Aufzeichnungen \\u00fcber abgeschlossene Anfragen, im Falle einer Anfrage zum Vergessen verwalten wir anonymisierte Daten. Sie erhalten alle Kopien und Kopien von Daten im maschinenlesbaren Datenformat, das wir in unseren Systemen verwenden.<\\\/p>\\n\n\n<h3>Einsichtsrecht<\\\/h3>\\n\n\n<p>Sie haben jederzeit das Recht, die von uns verarbeiteten oder verarbeiteten Daten, die sich auf Ihre Person beziehen oder auf Sie zur\\u00fcckf\\u00fchrbar sind, einzusehen.Sie k\\u00f6nnen eine entsprechende Anfrage an unseren Ansprechpartner f\\u00fcr Datenschutzangelegenheiten richten.Sie erhalten dann innerhalb von 30 Tagen eine Antwort auf Ihre Anfrage.Wird Ihrem Antrag stattgegeben, \\u00fcbersenden wir Ihnen an die uns bekannte E-Mail-Adresse eine Kopie aller Daten mit einer \\u00dcbersicht der Auftragsverarbeiter, die diese Daten haben, unter Angabe der Kategorie, unter der diese Daten bei uns gespeichert sind.<\\\/p>\\n\n\n<h3>Recht auf Berichtigung<\\\/h3>\\n\n\n<p>Sie haben jederzeit das Recht, die von uns verarbeiteten oder verarbeiteten Daten, die sich auf Ihre Person beziehen oder auf Sie zur\\u00fcckf\\u00fchrbar sind, anpassen zu lassen.Sie k\\u00f6nnen eine entsprechende Anfrage an unseren Ansprechpartner f\\u00fcr Datenschutzangelegenheiten richten.Sie erhalten dann innerhalb von 30 Tagen eine Antwort auf Ihre Anfrage.Wenn Ihrer Anfrage stattgegeben wird, senden wir Ihnen eine Best\\u00e4tigung \\u00fcber die Anpassung der Daten an die uns bekannte E-Mail-Adresse.Recht auf Einschr\\u00e4nkung der Verarbeitung Sie haben jederzeit das Recht auf Einschr\\u00e4nkung der von uns verarbeiteten oder verarbeiteten Daten, die sich auf Ihre Person beziehen oder auf Sie zur\\u00fcckgef\\u00fchrt werden k\\u00f6nnen.Sie k\\u00f6nnen eine entsprechende Anfrage an unseren Ansprechpartner f\\u00fcr Datenschutzangelegenheiten richten.Sie erhalten dann innerhalb von 30 Tagen eine Antwort auf Ihre Anfrage.<\\\/p>\\n\n\n<h3>Recht auf \\u00dcbertragbarkeit<\\\/h3>\\n\n\n<p>Sie haben jederzeit das Recht, die von uns verarbeiteten oder verarbeiteten Daten, die sich auf Ihre Person beziehen oder auf diese zur\\u00fcckverfolgt werden k\\u00f6nnen, durch einen Dritten ausf\\u00fchren zu lassen.Sie k\\u00f6nnen eine entsprechende Anfrage an unseren Ansprechpartner f\\u00fcr Datenschutzangelegenheiten richten.Sie erhalten dann innerhalb von 30 Tagen eine Antwort auf Ihre Anfrage.Wird Ihrem Antrag stattgegeben, \\u00fcbersenden wir Ihnen Kopien bzw. Kopien aller Daten \\u00fcber Sie, die wir verarbeitet haben oder die in unserem Auftrag von anderen Auftragsverarbeitern oder Dritten verarbeitet wurden, an die uns bekannte E-Mail-Adresse.Aller Wahrscheinlichkeit nach werden wir in einem solchen Fall den Dienst nicht mehr fortf\\u00fchren k\\u00f6nnen, da dann die sichere Verkn\\u00fcpfung von Dateien nicht mehr gew\\u00e4hrleistet ist.<\\\/p>\\n\n\n<h3>Widerspruchsrecht und sonstige Rechte<\\\/h3>\\n\n\n<p>In solchen F\\u00e4llen haben Sie das Recht, der Verarbeitung Ihrer personenbezogenen Daten durch oder im Namen der AgrowProfit GmbH zu widersprechen. Im Falle Ihres Widerspruchs werden wir die Datenverarbeitung bis zur Bearbeitung Ihres Widerspruchs unverz\\u00fcglich einstellen.Bei berechtigtem Widerspruch werden wir Ihnen Kopien bzw. Kopien von Daten, die wir verarbeiten oder verarbeiten lassen, zur Verf\\u00fcgung stellen und die Verarbeitung anschlie\\u00dfend endg\\u00fcltig einstellen.Sie haben auch das Recht, nicht einer automatisierten Entscheidungsfindung im Einzelfall oder einem Profiling unterworfen zu werden.Wir verarbeiten Ihre Daten nicht so, dass dieses Recht gilt. Wenn Sie der Meinung sind, dass dies der Fall ist, wenden Sie sich bitte an unseren Ansprechpartner f\\u00fcr Datenschutzangelegenheiten.<\\\/p>\\n\n\n<h2>Kekse<\\\/h2>\\n\n\n<h3>Cookies von Drittanbietern<\\\/h3>\\n\n\n<p>F\\u00fcr den Fall, dass Softwarel\\u00f6sungen von Drittanbietern Cookies verwenden, wird dies in dieser Datenschutzerkl\\u00e4rung angegeben.<\\\/p>\\n\n\n<h3>\\u00c4nderungen der Datenschutzrichtlinie<\\\/h3>\\n\n\n<p>Wir behalten uns das Recht vor, unsere Datenschutzerkl\\u00e4rung jederzeit zu \\u00e4ndern. Auf dieser Seite finden Sie jedoch immer die aktuellste Version.<\\\/p>\\n\n\n<p>Sollte die neue Datenschutzerkl\\u00e4rung Konsequenzen f\\u00fcr die Verarbeitung bereits erhobener Daten von Ihnen durch uns haben, informieren wir Sie per E-Mail.<\\\/p>\\n\n\n<h3>Kontaktdetails<\\\/h3>\\n\n\n<p>AgrowProfit GmbH <br \\\/>Kempener Stra\\u00dfe 45<br \\\/>47669 Wachtendonk<br \\\/>Deutschland<\\\/p>\\n\n\n<p>E info@agri-profit.com<br \\\/>Ansprechpartner f\\u00fcr Datenschutzangelegenheiten Roy de Munck<\\\/p>AgrowProfit\",\"margin\":\"default\"}}]}]}]}],\"version\":\"3.0.28\",\"yooessentialsVersion\":\"1.8.13\"} --><\/p>\n","protected":false},"excerpt":{"rendered":"<p>Datenschutz-Bestimmungen \u00dcber unsere Datenschutzerkl\u00e4rung Die Agrowprofit GmbH legt gro\u00dfen Wert auf Ihre Privatsph\u00e4re. Wir verarbeiten daher nur Daten, die wir zur (Verbesserung) unserer Dienste ben\u00f6tigen und gehen mit den von uns erhobenen Informationen \u00fcber Sie und Ihre Nutzung unserer Dienste sorgsam um. Wir geben Ihre Daten niemals zu kommerziellen Zwecken an Dritte weiter. Diese Datenschutzerkl\u00e4rung [&hellip;]<\/p>\n","protected":false},"author":1,"featured_media":0,"parent":0,"menu_order":0,"comment_status":"closed","ping_status":"closed","template":"","meta":{"_acf_changed":false,"footnotes":""},"class_list":["post-2870","page","type-page","status-publish","hentry"],"acf":[],"_links":{"self":[{"href":"https:\/\/agrowprofit.com\/de\/wp-json\/wp\/v2\/pages\/2870","targetHints":{"allow":["GET"]}}],"collection":[{"href":"https:\/\/agrowprofit.com\/de\/wp-json\/wp\/v2\/pages"}],"about":[{"href":"https:\/\/agrowprofit.com\/de\/wp-json\/wp\/v2\/types\/page"}],"author":[{"embeddable":true,"href":"https:\/\/agrowprofit.com\/de\/wp-json\/wp\/v2\/users\/1"}],"replies":[{"embeddable":true,"href":"https:\/\/agrowprofit.com\/de\/wp-json\/wp\/v2\/comments?post=2870"}],"version-history":[{"count":6,"href":"https:\/\/agrowprofit.com\/de\/wp-json\/wp\/v2\/pages\/2870\/revisions"}],"predecessor-version":[{"id":4224,"href":"https:\/\/agrowprofit.com\/de\/wp-json\/wp\/v2\/pages\/2870\/revisions\/4224"}],"wp:attachment":[{"href":"https:\/\/agrowprofit.com\/de\/wp-json\/wp\/v2\/media?parent=2870"}],"curies":[{"name":"wp","href":"https:\/\/api.w.org\/{rel}","templated":true}]}}