{"id":2835,"date":"2022-01-05T09:32:48","date_gmt":"2022-01-05T08:32:48","guid":{"rendered":"http:\/\/agrowprofit.com\/fuer-grosshandel-registrieren\/"},"modified":"2023-03-30T16:11:33","modified_gmt":"2023-03-30T14:11:33","slug":"fuer-grosshandel-registrieren","status":"publish","type":"page","link":"https:\/\/agrowprofit.com\/de\/fuer-grosshandel-registrieren\/","title":{"rendered":"F\u00fcr Gro\u00dfhandel registrieren"},"content":{"rendered":"<h1>Registrieren Sie sich f\u00fcr den Gro\u00dfhandel<\/h1>\n<h1>Nur 3 einfache Schritte<\/h1>\n<ul>\n<li>\n<p>        <img decoding=\"async\" src=\"\/wp-content\/uploads\/2021\/12\/icon-registration-decoration-wit-01.png\" alt=\"\"><\/p>\n<h1>1. <\/h1>\n<p>Ein Konto erstellen<\/p>\n<\/li>\n<li>\n<p>        <img decoding=\"async\" src=\"\/wp-content\/uploads\/2021\/12\/icon-registration-confirm-decoration-01.png\" alt=\"\"><\/p>\n<h1>2.<\/h1>\n<p>Auf Best\u00e4tigung warten<\/p>\n<\/li>\n<li>\n<p>        <img decoding=\"async\" src=\"\/wp-content\/uploads\/2021\/12\/icon-order-decoration-wit-01.png\" alt=\"\"><\/p>\n<h1>3.<\/h1>\n<p>Starten Sie Ihre Bestellung<\/p>\n<\/li>\n<\/ul>\n<div><div class=\"frm_forms  with_frm_style frm_style_formidable-style\" id=\"frm_form_2_container\" data-token=\"4d0baa9d7ef903d5d2a20336fb5bdd49\">\n<form enctype=\"multipart\/form-data\" method=\"post\" class=\"frm-show-form  frm_pro_form \" id=\"form_b2b-user-registration\" data-token=\"4d0baa9d7ef903d5d2a20336fb5bdd49\">\n<div class=\"frm_form_fields \">\n<fieldset>\n<legend class=\"frm_hidden\">B2B-Benutzerregistrierung<\/legend>\r\n\r\n<div class=\"frm_fields_container\">\n<input type=\"hidden\" name=\"frm_action\" value=\"create\" \/>\n<input type=\"hidden\" name=\"form_id\" value=\"2\" \/>\n<input type=\"hidden\" name=\"frm_hide_fields_2\" id=\"frm_hide_fields_2\" value=\"\" \/>\n<input type=\"hidden\" name=\"form_key\" value=\"b2b-user-registration\" \/>\n<input type=\"hidden\" name=\"item_meta[0]\" value=\"\" \/>\n<input type=\"hidden\" id=\"frm_submit_entry_2\" name=\"frm_submit_entry_2\" value=\"acfe336163\" \/><input type=\"hidden\" name=\"_wp_http_referer\" value=\"\/de\/wp-json\/wp\/v2\/pages\/2835\" \/><div id=\"frm_field_20_container\" class=\"frm_form_field frm_section_heading form-field \">\r\n<h3 class=\"frm_pos_top frm_section_spacing\">Unternehmens-Details<\/h3>\r\n\r\n\r\n<div id=\"frm_field_15_container\" class=\"frm_form_field form-field  frm_required_field frm_top_container frm12 frm_first\">\r\n    <label for=\"field_oocpw\" id=\"field_oocpw_label\" class=\"frm_primary_label\">Name der Firma\r\n        <span class=\"frm_required\" aria-hidden=\"true\">*<\/span>\r\n    <\/label>\r\n    <input type=\"text\" id=\"field_oocpw\" name=\"item_meta[15]\" value=\"\"  data-sectionid=\"20\" data-reqmsg=\"Dieses Feld darf nicht leer sein.\" aria-required=\"true\" data-invmsg=\"Text ist ung\u00fcltig\" aria-invalid=\"false\"  \/>\r\n    \r\n    \r\n<\/div>\n<div id=\"frm_field_16_container\" class=\"frm_form_field form-field  frm_required_field frm_top_container frm_half\">\r\n    <label for=\"field_weyne\" id=\"field_weyne_label\" class=\"frm_primary_label\">Nummer der Handelskammer\r\n        <span class=\"frm_required\" aria-hidden=\"true\">*<\/span>\r\n    <\/label>\r\n    <input type=\"text\" id=\"field_weyne\" name=\"item_meta[16]\" value=\"\"  data-sectionid=\"20\" data-reqmsg=\"Dieses Feld darf nicht leer sein.\" aria-required=\"true\" data-invmsg=\"Text ist ung\u00fcltig\" aria-invalid=\"false\"  \/>\r\n    \r\n    \r\n<\/div>\n<div id=\"frm_field_17_container\" class=\"frm_form_field form-field  frm_required_field frm_top_container frm_half\">\r\n    <label for=\"field_5jdas\" id=\"field_5jdas_label\" class=\"frm_primary_label\">Umsatzsteuer-Identifikationsnummer\r\n        <span class=\"frm_required\" aria-hidden=\"true\">*<\/span>\r\n    <\/label>\r\n    <input type=\"text\" id=\"field_5jdas\" name=\"item_meta[17]\" value=\"\"  data-sectionid=\"20\" data-reqmsg=\"Dieses Feld darf nicht leer sein.\" aria-required=\"true\" data-invmsg=\"Text ist ung\u00fcltig\" aria-invalid=\"false\"  \/>\r\n    \r\n    \r\n<\/div>\n<\/div>\n<div id=\"frm_field_22_container\" class=\"frm_form_field frm_section_heading form-field \">\r\n<h3 class=\"frm_pos_top frm_section_spacing\">Pers\u00f6nliche Informationen<\/h3>\r\n\r\n\r\n<div id=\"frm_field_25_container\" class=\"frm_form_field form-field  frm_required_field frm_top_container frm6 frm_first\">\r\n    <label for=\"field_rz1oy\" id=\"field_rz1oy_label\" class=\"frm_primary_label\">Vorname\r\n        <span class=\"frm_required\" aria-hidden=\"true\">*<\/span>\r\n    <\/label>\r\n    <input type=\"text\" id=\"field_rz1oy\" name=\"item_meta[25]\" value=\"\"  data-sectionid=\"22\" data-reqmsg=\"Dieses Feld darf nicht leer sein\" aria-required=\"true\" data-invmsg=\"Text ist ung\u00fcltig\" aria-invalid=\"false\"  \/>\r\n    \r\n    \r\n<\/div>\n<div id=\"frm_field_26_container\" class=\"frm_form_field form-field  frm_required_field frm_top_container frm6\">\r\n    <label for=\"field_uvzcf\" id=\"field_uvzcf_label\" class=\"frm_primary_label\">Nachname\r\n        <span class=\"frm_required\" aria-hidden=\"true\">*<\/span>\r\n    <\/label>\r\n    <input type=\"text\" id=\"field_uvzcf\" name=\"item_meta[26]\" value=\"\"  data-sectionid=\"22\" data-reqmsg=\"Dieses Feld darf nicht leer sein\" aria-required=\"true\" data-invmsg=\"Text ist ung\u00fcltig\" aria-invalid=\"false\"  \/>\r\n    \r\n    \r\n<\/div>\n<\/div>\n<div id=\"frm_field_9_container\" class=\"frm_form_field form-field  frm_required_field frm_top_container frm_half\">\r\n    <label for=\"field_qulq1\" class=\"frm_primary_label\">Email Address \r\n        <span class=\"frm_required\">*<\/span>\r\n    <\/label>\r\n    <input type=\"email\" id=\"field_qulq1\" name=\"item_meta[9]\" value=\"\"  data-reqmsg=\"Dieses Feld darf nicht leer sein\" aria-required=\"true\" data-invmsg=\"E-mail Adresse ist nicht korrekt\" aria-invalid=\"false\"   aria-describedby=\"frm_desc_field_qulq1\"\/>\r\n    <div id=\"frm_desc_field_qulq1\" class=\"frm_description\">Email eingeben<\/div>\r\n    \r\n<\/div>\n<div id=\"frm_field_35_container\" class=\"frm_form_field form-field  frm_required_field frm_top_container frm6\">\r\n    <label for=\"field_e2t2x\" id=\"field_e2t2x_label\" class=\"frm_primary_label\">Telefon\r\n        <span class=\"frm_required\" aria-hidden=\"true\">*<\/span>\r\n    <\/label>\r\n    <input type=\"tel\" id=\"field_e2t2x\" name=\"item_meta[35]\" value=\"\"  data-reqmsg=\"Dieses Feld darf nicht leer sein\" aria-required=\"true\" data-invmsg=\"Telefon ist ung\u00fcltig\" aria-invalid=\"false\" pattern=\"((\\+\\d{1,3}(-|.| )?\\(?\\d\\)?(-| |.)?\\d{1,5})|(\\(?\\d{2,6}\\)?))(-|.| )?(\\d{3,4})(-|.| )?(\\d{4})(( x| ext)\\d{1,5}){0,1}$\"  \/>\r\n    \r\n    \r\n<\/div>\n<div id=\"frm_field_36_container\" class=\"frm_form_field form-field  frm_required_field frm_top_container frm12 frm_first vertical_radio\">\r\n    <div  id=\"field_ziz3w_label\" class=\"frm_primary_label\">\r\n        <span class=\"frm_required\" aria-hidden=\"true\">*<\/span>\r\n    <\/div>\r\n    <div class=\"frm_opt_container\" aria-labelledby=\"field_ziz3w_label\" role=\"group\">\t\t<div class=\"frm_checkbox\" id=\"frm_checkbox_36-0\">\t\t\t<label  for=\"field_ziz3w-0\">\n\t\t\t<input type=\"checkbox\" name=\"item_meta[36][]\" id=\"field_ziz3w-0\" value=\"I agree to the Terms and Conditions\"  data-reqmsg=\"Dieses Feld darf nicht leer sein\" data-invmsg=\"Dieses Feld ist ung\u00fcltig\"   aria-required=\"true\"  \/> Ich stimme den AGB zu<\/label><\/div>\n<\/div>\r\n    \r\n    \r\n<\/div>\n<input type=\"hidden\" name=\"item_meta[14]\" id=\"field_zah2u\" value=\"\" data-frmval=\"\"\/>\n\t<input type=\"hidden\" name=\"item_key\" value=\"\" \/>\n\t\t\t<div id=\"frm_field_48_container\">\n\t\t\t<label for=\"field_uudme\" >\n\t\t\t\tFalls Du menschlich bist, lasse dieses Feld leer.\t\t\t<\/label>\n\t\t\t<input  id=\"field_uudme\" type=\"text\" class=\"frm_form_field form-field frm_verify\" name=\"item_meta[48]\" value=\"\"  \/>\n\t\t<\/div>\n\t\t<input type=\"hidden\" name=\"frm_register[email]\" value=\"9\"\/><input type=\"hidden\" name=\"frm_register[username]\" value=\"\"\/><input type=\"hidden\" name=\"frm_register[password]\" value=\"\"\/><input type=\"hidden\" name=\"frm_register[subsite_title]\" value=\"username\"\/><input type=\"hidden\" name=\"frm_register[subsite_domain]\" value=\"blog_title\"\/><input name=\"frm_state\" type=\"hidden\" value=\"5eeYWst9vh5xap9lx+oW\/BER3jFTnuZF2M0BR+nkBjY=\" \/><div class=\"frm_submit\">\r\n\r\n<button class=\"frm_button_submit frm_final_submit\" type=\"submit\"   formnovalidate=\"formnovalidate\">Registrieren<\/button>\r\n\r\n<\/div><\/div>\n<\/fieldset>\n<\/div>\n\n<\/form>\n<\/div>\n<\/div>\n<p><!--more--><br \/>\n<!-- {\"type\":\"layout\",\"children\":[{\"type\":\"section\",\"props\":{\"image_position\":\"center-center\",\"style\":\"default\",\"title_breakpoint\":\"xl\",\"title_position\":\"top-left\",\"title_rotation\":\"left\",\"vertical_align\":\"middle\",\"width\":\"default\"},\"children\":[{\"type\":\"row\",\"children\":[{\"type\":\"column\",\"props\":{\"image_position\":\"center-center\",\"media_overlay_gradient\":\"\",\"position_sticky_breakpoint\":\"m\"},\"children\":[{\"type\":\"headline\",\"props\":{\"content\":\"Registrieren Sie sich f\\u00fcr den Gro\\u00dfhandel\",\"title_element\":\"h1\"}}]}]},{\"type\":\"row\",\"children\":[{\"type\":\"column\",\"props\":{\"image_position\":\"center-center\",\"media_overlay_gradient\":\"\",\"position_sticky_breakpoint\":\"m\",\"style\":\"primary\"},\"children\":[{\"type\":\"headline\",\"props\":{\"content\":\"Nur 3 einfache Schritte\",\"text_align\":\"center\",\"title_element\":\"h1\",\"title_style\":\"h3\"}},{\"type\":\"grid\",\"props\":{\"content_column_breakpoint\":\"m\",\"filter_align\":\"left\",\"filter_all\":true,\"filter_grid_breakpoint\":\"m\",\"filter_grid_width\":\"auto\",\"filter_position\":\"top\",\"filter_style\":\"tab\",\"grid_column_gap\":\"large\",\"grid_default\":\"2\",\"grid_divider\":true,\"grid_large\":\"3\",\"grid_medium\":\"3\",\"grid_row_gap\":\"large\",\"grid_small\":\"3\",\"grid_xlarge\":\"3\",\"icon_width\":80,\"image_align\":\"top\",\"image_grid_breakpoint\":\"m\",\"image_grid_width\":\"1-2\",\"image_svg_color\":\"emphasis\",\"image_svg_inline\":true,\"image_width\":\"100\",\"item_animation\":true,\"item_maxwidth\":\"medium\",\"link_style\":\"default\",\"link_text\":\"Read more\",\"margin\":\"large\",\"meta_align\":\"below-title\",\"meta_element\":\"div\",\"meta_style\":\"h4\",\"parallax_easing\":\"1\",\"show_content\":false,\"show_image\":true,\"show_link\":false,\"show_meta\":true,\"show_title\":true,\"text_align\":\"center\",\"title_align\":\"top\",\"title_element\":\"h1\",\"title_grid_breakpoint\":\"m\",\"title_grid_width\":\"1-2\",\"title_hover_style\":\"reset\"},\"children\":[{\"type\":\"grid_item\",\"props\":{\"content\":\"\",\"image\":\"wp-content\\\/uploads\\\/2021\\\/12\\\/icon-registration-decoration-wit-01.png\",\"meta\":\"Ein Konto erstellen\",\"title\":\"1. \"}},{\"type\":\"grid_item\",\"props\":{\"content\":\"\",\"image\":\"wp-content\\\/uploads\\\/2021\\\/12\\\/icon-registration-confirm-decoration-01.png\",\"meta\":\"Auf Best\\u00e4tigung warten\",\"title\":\"2.\"}},{\"type\":\"grid_item\",\"props\":{\"content\":\"\",\"image\":\"wp-content\\\/uploads\\\/2021\\\/12\\\/icon-order-decoration-wit-01.png\",\"meta\":\"Starten Sie Ihre Bestellung\",\"title\":\"3.\"}}],\"modified\":\"2021-12-28T12:55:51.442Z\",\"name\":\"Just 3 simple steps\"}]}]},{\"type\":\"row\",\"children\":[{\"type\":\"column\",\"props\":{\"image_position\":\"center-center\",\"media_overlay_gradient\":\"\",\"position_sticky_breakpoint\":\"m\"},\"children\":[{\"type\":\"text\",\"props\":{\"column_breakpoint\":\"m\",\"content\":\"[formidable id=2]\",\"margin\":\"default\"}}]}]}]}],\"version\":\"3.0.28\",\"yooessentialsVersion\":\"1.8.13\"} --><\/p>\n","protected":false},"excerpt":{"rendered":"<p>Registrieren Sie sich f\u00fcr den Gro\u00dfhandel Nur 3 einfache Schritte 1. Ein Konto erstellen 2. Auf Best\u00e4tigung warten 3. Starten Sie Ihre Bestellung<\/p>\n","protected":false},"author":1,"featured_media":0,"parent":0,"menu_order":0,"comment_status":"closed","ping_status":"closed","template":"","meta":{"_acf_changed":false,"footnotes":""},"class_list":["post-2835","page","type-page","status-publish","hentry"],"acf":[],"_links":{"self":[{"href":"https:\/\/agrowprofit.com\/de\/wp-json\/wp\/v2\/pages\/2835","targetHints":{"allow":["GET"]}}],"collection":[{"href":"https:\/\/agrowprofit.com\/de\/wp-json\/wp\/v2\/pages"}],"about":[{"href":"https:\/\/agrowprofit.com\/de\/wp-json\/wp\/v2\/types\/page"}],"author":[{"embeddable":true,"href":"https:\/\/agrowprofit.com\/de\/wp-json\/wp\/v2\/users\/1"}],"replies":[{"embeddable":true,"href":"https:\/\/agrowprofit.com\/de\/wp-json\/wp\/v2\/comments?post=2835"}],"version-history":[{"count":4,"href":"https:\/\/agrowprofit.com\/de\/wp-json\/wp\/v2\/pages\/2835\/revisions"}],"predecessor-version":[{"id":4231,"href":"https:\/\/agrowprofit.com\/de\/wp-json\/wp\/v2\/pages\/2835\/revisions\/4231"}],"wp:attachment":[{"href":"https:\/\/agrowprofit.com\/de\/wp-json\/wp\/v2\/media?parent=2835"}],"curies":[{"name":"wp","href":"https:\/\/api.w.org\/{rel}","templated":true}]}}